{"id":13464,"date":"2023-02-24T11:15:41","date_gmt":"2023-02-24T11:15:41","guid":{"rendered":"https:\/\/galenattachments.com\/?page_id=13464"},"modified":"2023-03-14T06:25:55","modified_gmt":"2023-03-14T06:25:55","slug":"spain-delivery","status":"publish","type":"page","link":"https:\/\/galenattachments.com\/ru\/spain-delivery\/","title":{"rendered":"Mini excavator buckets delivery to Spain"},"content":{"rendered":"<section class=\"l-section wpb_row us_custom_51e45d2f height_medium color_primary with_shape\"><div class=\"l-section-overlay\" style=\"background:#ffb90f\"><\/div><div class=\"l-section-shape type_triangle pos_bottom\" style=\"height:15vmin;\"><svg xmlns=\"http:\/\/www.w3.org\/2000\/svg\" viewBox=\"0 0 64 8\" preserveAspectRatio=\"none\" width=\"100%\" height=\"100%\">\r\n\t<path fill=\"currentColor\" d=\"M64 8 L0 8 L0 0 L32 7.9 L64 0 Z\"\/>\r\n<\/svg><\/div><div class=\"l-section-h i-cf\"><div class=\"g-cols vc_row via_flex valign_top type_default stacking_default\"><div class=\"vc_col-sm-12 wpb_column vc_column_container\"><div class=\"vc_column-inner\"><div class=\"wpb_wrapper\"><div class=\"wpb_text_column us_custom_4076faf9 has_text_color\"><div class=\"wpb_wrapper\"><div class=\"wpb_text_column us_custom_4076faf9 has_text_color\">\n<div class=\"wpb_wrapper\">\n<h3 style=\"text-align: center;\">Mini excavator buckets delivery to Spain<\/h3>\n<\/div>\n<\/div>\n<\/div><\/div><div class=\"w-separator size_small\"><\/div><\/div><\/div><\/div><\/div><\/div><\/section><section class=\"l-section wpb_row height_small\"><div class=\"l-section-h i-cf\"><div class=\"g-cols vc_row via_flex valign_middle type_default stacking_default\"><div class=\"vc_col-sm-3\/5 wpb_column vc_column_container\"><div class=\"vc_column-inner\"><div class=\"wpb_wrapper\"><div class=\"wpb_text_column\"><div class=\"wpb_wrapper\"><p>The mini excavator buckets that we have completed for the Kubota and Yanmar models are on their way to Spain. Among the attachments to be delivered are tilting bucket- ditch cleaning bucket- quick coupler for mini excavators.<\/p>\n<\/div><\/div><\/div><\/div><\/div><div class=\"vc_col-sm-2\/5 wpb_column vc_column_container\"><div class=\"vc_column-inner\"><div class=\"wpb_wrapper\"><div class=\"w-slider style_none fit_scaledown nav_dots count_6\"><div class=\"w-slider-h\" aria-hidden=\"true\"><div class=\"royalSlider\"><div class=\"rsContent\"><a class=\"rsImg\" data-rsw=\"650\" data-rsh=\"450\" href=\"https:\/\/galenattachments.com\/wp-content\/uploads\/2023\/02\/spain-bucket-1.jpg\"><span data-alt=\"\"><\/span><\/a><\/div><div class=\"rsContent\"><a class=\"rsImg\" data-rsw=\"650\" data-rsh=\"450\" href=\"https:\/\/galenattachments.com\/wp-content\/uploads\/2023\/02\/spain-bucket-6.jpg\"><span data-alt=\"\"><\/span><\/a><\/div><div class=\"rsContent\"><a class=\"rsImg\" data-rsw=\"650\" data-rsh=\"450\" href=\"https:\/\/galenattachments.com\/wp-content\/uploads\/2023\/02\/spain-bucket-2.jpg\"><span data-alt=\"\"><\/span><\/a><\/div><div class=\"rsContent\"><a class=\"rsImg\" data-rsw=\"650\" data-rsh=\"450\" href=\"https:\/\/galenattachments.com\/wp-content\/uploads\/2023\/02\/spain-bucket-3.jpg\"><span data-alt=\"\"><\/span><\/a><\/div><div class=\"rsContent\"><a class=\"rsImg\" data-rsw=\"650\" data-rsh=\"450\" href=\"https:\/\/galenattachments.com\/wp-content\/uploads\/2023\/02\/spain-bucket-4.jpg\"><span data-alt=\"\"><\/span><\/a><\/div><div class=\"rsContent\"><a class=\"rsImg\" data-rsw=\"650\" data-rsh=\"450\" href=\"https:\/\/galenattachments.com\/wp-content\/uploads\/2023\/02\/spain-bucket-5.jpg\"><span data-alt=\"\"><\/span><\/a><\/div><\/div><img decoding=\"async\" src=\"https:\/\/galenattachments.com\/wp-content\/uploads\/2023\/02\/spain-bucket-1.jpg\" width=\"650\" height=\"450\" alt loading=\"lazy\"><\/div><div class=\"w-slider-json\" onclick='return {&quot;autoScaleSlider&quot;:true,&quot;addActiveClass&quot;:true,&quot;loop&quot;:true,&quot;fadeInLoadedSlide&quot;:false,&quot;slidesSpacing&quot;:0,&quot;imageScalePadding&quot;:0,&quot;numImagesToPreload&quot;:2,&quot;arrowsNav&quot;:true,&quot;arrowsNavAutoHide&quot;:false,&quot;transitionType&quot;:&quot;move&quot;,&quot;transitionSpeed&quot;:250,&quot;block&quot;:{&quot;moveEffect&quot;:&quot;none&quot;,&quot;speed&quot;:300},&quot;thumbs&quot;:{&quot;fitInViewport&quot;:false,&quot;firstMargin&quot;:false,&quot;spacing&quot;:4},&quot;controlNavigation&quot;:&quot;bullets&quot;,&quot;autoScaleSliderWidth&quot;:650,&quot;autoScaleSliderHeight&quot;:450}'><\/div><\/div><\/div><\/div><\/div><\/div><\/div><\/section><section class=\"l-section wpb_row us_custom_e4eb24e1 height_medium\"><div class=\"l-section-h i-cf\"><div class=\"g-cols vc_row via_flex valign_top type_default stacking_default\"><div class=\"vc_col-sm-3 wpb_column vc_column_container\"><div class=\"vc_column-inner\"><div class=\"wpb_wrapper\"><div class=\"wpb_text_column\"><div class=\"wpb_wrapper\"><ul>\n<li>Kubota U17-3 L25 Bucket<\/li>\n<li>Kubota U17-3 L450 Bucket<\/li>\n<li>Kubota U27 L300 Bucket<\/li>\n<li>Kubota U27 L500 Bucket<\/li>\n<li>Kubota U36 L300 Bucket<\/li>\n<li>Kubota U36 L600 Bucket<\/li>\n<li>Kubota U36 L1200 T\u0131lt\u0131ng Bucket<\/li>\n<li>Kubota U56 L300 Bucket<\/li>\n<li>Kubota U56 L600 Bucket<\/li>\n<li>Kubota U56 L1200 T\u0131lt\u0131ng Bucket<\/li>\n<li>Kubota Kx080 L400 Bucket<\/li>\n<li>Kubota Kx080 L800 Bucket<\/li>\n<\/ul>\n<\/div><\/div><\/div><\/div><\/div><div class=\"vc_col-sm-3 wpb_column vc_column_container\"><div class=\"vc_column-inner\"><div class=\"wpb_wrapper\"><div class=\"wpb_text_column\"><div class=\"wpb_wrapper\"><ul>\n<li>Kubota Kx080 L1600 T\u0131lt\u0131ng Bucket<\/li>\n<li>Yanmar V\u0131o33 L300 Bucket<\/li>\n<li>Yanmar V\u0131o33 L600 Bucket<\/li>\n<li>Yanmar V\u0131o33 L1200 T\u0131lt\u0131ng Bucket<\/li>\n<li>Yanmar V\u0131o57 L300 Bucket<\/li>\n<li>Yanmar V\u0131o57 L600 Bucket<\/li>\n<li>Kubota U17 Mechan\u0131cal Qu\u0131ck Coupler<\/li>\n<li>Kubota U27 Hydraul\u0131c Qu\u0131ck Coupler<\/li>\n<li>Kubota U36 Hydraul\u0131c Qu\u0131ck Coupler<\/li>\n<li>Kubota U56 Hydraul\u0131c Qu\u0131ck Coupler<\/li>\n<\/ul>\n<\/div><\/div><\/div><\/div><\/div><div class=\"vc_col-sm-3 wpb_column vc_column_container\"><div class=\"vc_column-inner\"><div class=\"wpb_wrapper\"><div class=\"wpb_text_column\"><div class=\"wpb_wrapper\"><ul>\n<li>Kubota Kx080 Hydraul\u0131c Qu\u0131ck Coupler<\/li>\n<li>Yanmar V\u0131o23 Mechan\u0131cal Qu\u0131ck Coupler<\/li>\n<li>Yanmar V\u0131o23 Mechan\u0131cal Qu\u0131ck Coupler<\/li>\n<li>Yanmar V\u0131o57 Hydraul\u0131c Qu\u0131ck Coupler<\/li>\n<li>Yanmar V\u0131o23 L300 Bucket<\/li>\n<li>Yanmar V\u0131o23 L600 Bucket<\/li>\n<li>Yanmar V\u0131o23 L1000 D\u0131tch Clean\u0131ng Bucket<\/li>\n<\/ul>\n<\/div><\/div><\/div><\/div><\/div><div class=\"vc_col-sm-3 wpb_column vc_column_container\"><div class=\"vc_column-inner\"><div class=\"wpb_wrapper\"><div class=\"wpb_text_column\"><div class=\"wpb_wrapper\"><ul>\n<li>20 Tons L1800 T\u0131lt\u0131ng Bucket<\/li>\n<li>Yanmar V\u0131o57 L1200 T\u0131lt\u0131ng Bucket<\/li>\n<li>Kubota U56 L1200 D\u0131tch Clean\u0131ng Bucket<\/li>\n<li>Kubota Kx080 L1400 D\u0131tch Clean\u0131ng Bucket<\/li>\n<\/ul>\n<\/div><\/div><\/div><\/div><\/div><\/div><\/div><\/section><section class=\"l-section wpb_row height_medium\"><div class=\"l-section-h i-cf\"><div class=\"g-cols vc_row via_flex valign_top type_default stacking_default\"><div class=\"vc_col-sm-12 wpb_column vc_column_container\"><div class=\"vc_column-inner\"><div class=\"wpb_wrapper\"><div class=\"w-video align_none ratio_16x9 has_iframe\"><div class=\"w-video-h\"><iframe title=\"Youtube video player\" src=\"\/\/www.youtube.com\/embed\/vj95tTJwQMw?autoplay=0&controls=1&origin=https:\/\/galenattachments.com\/ru&loop=0&mute=0\" allowfullscreen=\"1\" loading=\"lazy\"><\/iframe><\/div><\/div><\/div><\/div><\/div><\/div><\/div><\/section><section class=\"l-section wpb_row height_medium\"><div class=\"l-section-h i-cf\"><div class=\"g-cols vc_row via_flex valign_top type_default stacking_default\"><div class=\"vc_col-sm-3 wpb_column vc_column_container\"><div class=\"vc_column-inner us_custom_7145ee37 us_animate_this\"><div class=\"wpb_wrapper\"><div class=\"w-ibanner us_custom_b15aed28 has_text_color animation_phorcys ratio_3x2 easing_ease\"><a href=\"https:\/\/galenattachments.com\/long-reach-borm-arm\/\" aria-label=\"Long Reach Boom-Arm\"><\/a><div class=\"w-ibanner-h\"><div class=\"w-ibanner-image\" style=\"background-image: url(https:\/\/galenattachments.com\/wp-content\/uploads\/2020\/11\/long-reach-boom-arm-27.11.2020-3.jpg)\"><\/div><div class=\"w-ibanner-content\"><div class=\"w-ibanner-content-h\"><h3 class=\"w-ibanner-title\">Long Reach Boom-Arm<\/h3><div class=\"w-ibanner-desc\"><p>Boom Arm<\/p>\n<\/div><\/div><\/div><\/div><\/div><\/div><\/div><\/div><div class=\"vc_col-sm-3 wpb_column vc_column_container\"><div class=\"vc_column-inner us_custom_7145ee37 us_animate_this\"><div class=\"wpb_wrapper\"><div class=\"w-ibanner us_custom_ad48e82b has_text_color animation_phorcys ratio_3x2 easing_ease\"><a href=\"https:\/\/galenattachments.com\/dredging-boom-arm\/\" aria-label=\"Dredging Boom Arm\"><\/a><div class=\"w-ibanner-h\"><div class=\"w-ibanner-image\" style=\"background-image: url(https:\/\/galenattachments.com\/wp-content\/uploads\/2020\/05\/243dcd--1024x1024.jpg)\"><\/div><div class=\"w-ibanner-content\"><div class=\"w-ibanner-content-h\"><h3 class=\"w-ibanner-title\">Dredging Boom Arm<\/h3><div class=\"w-ibanner-desc\"><p>Boom Arm<\/p>\n<\/div><\/div><\/div><\/div><\/div><\/div><\/div><\/div><div class=\"vc_col-sm-3 wpb_column vc_column_container\"><div class=\"vc_column-inner us_custom_7145ee37 us_animate_this\"><div class=\"wpb_wrapper\"><div class=\"w-ibanner us_custom_c605a9d5 has_text_color animation_phorcys ratio_3x2 easing_ease\"><a href=\"https:\/\/galenattachments.com\/demolition-boom\/\" aria-label=\"Demolition Boom\"><\/a><div class=\"w-ibanner-h\"><div class=\"w-ibanner-image\" style=\"background-image: url(https:\/\/galenattachments.com\/wp-content\/uploads\/2020\/05\/IMG_0398-1024x768.jpg)\"><\/div><div class=\"w-ibanner-content\"><div class=\"w-ibanner-content-h\"><h3 class=\"w-ibanner-title\">Demolition Boom<\/h3><div class=\"w-ibanner-desc\"><p>Boom Arm<\/p>\n<\/div><\/div><\/div><\/div><\/div><\/div><\/div><\/div><div class=\"vc_col-sm-3 wpb_column vc_column_container\"><div class=\"vc_column-inner\"><div class=\"wpb_wrapper\"><div class=\"w-ibanner us_custom_e7c215f2 has_text_color animation_phorcys ratio_3x2 easing_ease\"><a href=\"https:\/\/galenattachments.com\/pedestal-rock-breaker-boom-system\/\" aria-label=\"Pedestal Rock Breaker Boom System\"><\/a><div class=\"w-ibanner-h\"><div class=\"w-ibanner-image\" style=\"background-image: url(https:\/\/galenattachments.com\/wp-content\/uploads\/2022\/03\/Pedestal-Boom-System-4-1024x1024.webp)\"><\/div><div class=\"w-ibanner-content\"><div class=\"w-ibanner-content-h\"><h3 class=\"w-ibanner-title\">Pedestal Rock Breaker Boom System<\/h3><div class=\"w-ibanner-desc\"><p>Boom Arm<\/p>\n<\/div><\/div><\/div><\/div><\/div><\/div><\/div><\/div><\/div><\/div><\/section>\n","protected":false},"excerpt":{"rendered":"Mini excavator buckets delivery to Spain The mini excavator buckets that we have completed for the Kubota and Yanmar models are on their way to Spain. Among the attachments to be delivered are tilting bucket- ditch cleaning bucket- quick coupler for mini excavators. Kubota U17-3 L25 Bucket Kubota U17-3 L450 Bucket Kubota U27 L300 Bucket...","protected":false},"author":1,"featured_media":13466,"parent":0,"menu_order":0,"comment_status":"closed","ping_status":"closed","template":"","meta":{"footnotes":""},"class_list":["post-13464","page","type-page","status-publish","has-post-thumbnail","hentry"],"amp_enabled":true,"_links":{"self":[{"href":"https:\/\/galenattachments.com\/ru\/wp-json\/wp\/v2\/pages\/13464","targetHints":{"allow":["GET"]}}],"collection":[{"href":"https:\/\/galenattachments.com\/ru\/wp-json\/wp\/v2\/pages"}],"about":[{"href":"https:\/\/galenattachments.com\/ru\/wp-json\/wp\/v2\/types\/page"}],"author":[{"embeddable":true,"href":"https:\/\/galenattachments.com\/ru\/wp-json\/wp\/v2\/users\/1"}],"replies":[{"embeddable":true,"href":"https:\/\/galenattachments.com\/ru\/wp-json\/wp\/v2\/comments?post=13464"}],"version-history":[{"count":12,"href":"https:\/\/galenattachments.com\/ru\/wp-json\/wp\/v2\/pages\/13464\/revisions"}],"predecessor-version":[{"id":13501,"href":"https:\/\/galenattachments.com\/ru\/wp-json\/wp\/v2\/pages\/13464\/revisions\/13501"}],"wp:featuredmedia":[{"embeddable":true,"href":"https:\/\/galenattachments.com\/ru\/wp-json\/wp\/v2\/media\/13466"}],"wp:attachment":[{"href":"https:\/\/galenattachments.com\/ru\/wp-json\/wp\/v2\/media?parent=13464"}],"curies":[{"name":"wp","href":"https:\/\/api.w.org\/{rel}","templated":true}]}}