{"id":3875,"date":"2020-05-06T06:08:17","date_gmt":"2020-05-06T06:08:17","guid":{"rendered":"https:\/\/galenattachments.com\/?page_id=3875"},"modified":"2025-07-30T06:05:20","modified_gmt":"2025-07-30T06:05:20","slug":"recycling-attachment","status":"publish","type":"page","link":"https:\/\/galenattachments.com\/ru\/recycling-attachment\/","title":{"rendered":"\u041f\u0440\u0438\u0441\u043f\u043e\u0441\u043e\u0431\u043b\u0435\u043d\u0438\u0435 \u0434\u043b\u044f \u043f\u0435\u0440\u0435\u0440\u0430\u0431\u043e\u0442\u043a\u0438"},"content":{"rendered":"<section class=\"l-section wpb_row height_medium\"><div class=\"l-section-h i-cf\"><div class=\"g-cols vc_row via_flex valign_top type_default stacking_default\"><div class=\"vc_col-sm-6 wpb_column vc_column_container us_animate_afb\" style=\"animation-delay:0.3s\"><div class=\"vc_column-inner\"><div class=\"wpb_wrapper\"><div class=\"w-ibanner us_custom_e7c215f2 has_text_color animation_caeros ratio_3x2 easing_ease\"><a href=\"https:\/\/galenattachments.com\/ru\/steel-plate-magnet\/\" aria-label=\"\u041c\u0430\u0433\u043d\u0438\u0442 \u0438\u0437 \u0441\u0442\u0430\u043b\u044c\u043d\u043e\u0439 \u043f\u043b\u0430\u0441\u0442\u0438\u043d\u044b\"><\/a><div class=\"w-ibanner-h\"><div class=\"w-ibanner-image\" style=\"background-image: url(https:\/\/galenattachments.com\/wp-content\/uploads\/2020\/05\/plMagnet2.jpg)\"><\/div><div class=\"w-ibanner-content\"><div class=\"w-ibanner-content-h\"><h3 class=\"w-ibanner-title\">\u041c\u0430\u0433\u043d\u0438\u0442 \u0438\u0437 \u0441\u0442\u0430\u043b\u044c\u043d\u043e\u0439 \u043f\u043b\u0430\u0441\u0442\u0438\u043d\u044b<\/h3><div class=\"w-ibanner-desc\"><p>\u042d\u0442\u043e \u0442\u0438\u043f \u043d\u0430\u0432\u0435\u0441\u043d\u043e\u0433\u043e \u043e\u0431\u043e\u0440\u0443\u0434\u043e\u0432\u0430\u043d\u0438\u044f, \u043a\u043e\u0442\u043e\u0440\u044b\u0439 \u044d\u043a\u043e\u043d\u043e\u043c\u0438\u0442 \u043c\u043d\u043e\u0433\u043e \u0432\u0440\u0435\u043c\u0435\u043d\u0438 \u0438 \u0441\u0438\u043b \u043f\u0440\u0438 \u0442\u0440\u0430\u043d\u0441\u043f\u043e\u0440\u0442\u0438\u0440\u043e\u0432\u043a\u0435 \u0438 \u0448\u0442\u0430\u0431\u0435\u043b\u0438\u0440\u043e\u0432\u0430\u043d\u0438\u0438 \u0441\u0442\u0430\u043b\u044c\u043d\u044b\u0445 \u043b\u0438\u0441\u0442\u043e\u0432.<\/p>\n<\/div><\/div><\/div><\/div><\/div><\/div><\/div><\/div><div class=\"vc_col-sm-6 wpb_column vc_column_container us_animate_afb\" style=\"animation-delay:0.3s\"><div class=\"vc_column-inner\"><div class=\"wpb_wrapper\"><div class=\"w-ibanner us_custom_e1b7d205 has_text_color animation_caeros ratio_3x2 easing_ease\"><a href=\"https:\/\/galenattachments.com\/ru\/combi-magnet-attachment\/\" aria-label=\"\u041a\u043e\u043c\u0431\u0438\u043d\u0438\u0440\u043e\u0432\u0430\u043d\u043d\u043e\u0435 \u043c\u0430\u0433\u043d\u0438\u0442\u043d\u043e\u0435 \u043a\u0440\u0435\u043f\u043b\u0435\u043d\u0438\u0435\"><\/a><div class=\"w-ibanner-h\"><div class=\"w-ibanner-image\" style=\"background-image: url(https:\/\/galenattachments.com\/wp-content\/uploads\/2020\/05\/magnet1.jpg)\"><\/div><div class=\"w-ibanner-content\"><div class=\"w-ibanner-content-h\"><h3 class=\"w-ibanner-title\">\u041a\u043e\u043c\u0431\u0438\u043d\u0438\u0440\u043e\u0432\u0430\u043d\u043d\u043e\u0435 \u043c\u0430\u0433\u043d\u0438\u0442\u043d\u043e\u0435 \u043a\u0440\u0435\u043f\u043b\u0435\u043d\u0438\u0435<\/h3><div class=\"w-ibanner-desc\"><p>Scrap Magnet \u2014 \u044d\u0442\u043e \u043c\u043e\u0449\u043d\u044b\u0439 \u043c\u0430\u0433\u043d\u0438\u0442, \u043a\u043e\u0442\u043e\u0440\u044b\u0439 \u043c\u043e\u0436\u0435\u0442 \u0440\u0430\u0431\u043e\u0442\u0430\u0442\u044c \u0441 \u0432\u043d\u0443\u0442\u0440\u0435\u043d\u043d\u0438\u043c \u0433\u0438\u0434\u0440\u0430\u0432\u043b\u0438\u0447\u0435\u0441\u043a\u0438\u043c \u0433\u0435\u043d\u0435\u0440\u0430\u0442\u043e\u0440\u043e\u043c. \u0418\u043c \u043c\u043e\u0436\u043d\u043e \u043b\u0435\u0433\u043a\u043e \u0443\u043f\u0440\u0430\u0432\u043b\u044f\u0442\u044c \u043d\u0435\u043f\u043e\u0441\u0440\u0435\u0434\u0441\u0442\u0432\u0435\u043d\u043d\u043e \u0441 \u043f\u043e\u043c\u043e\u0449\u044c\u044e \u0433\u0438\u0434\u0440\u0430\u0432\u043b\u0438\u0447\u0435\u0441\u043a\u043e\u0439 \u0441\u0438\u0441\u0442\u0435\u043c\u044b \u044d\u043a\u0441\u043a\u0430\u0432\u0430\u0442\u043e\u0440\u0430.<\/p>\n<\/div><\/div><\/div><\/div><\/div><\/div><\/div><\/div><\/div><\/div><\/section><section class=\"l-section wpb_row height_medium\"><div class=\"l-section-h i-cf\"><div class=\"g-cols vc_row via_flex valign_top type_default stacking_default\"><div class=\"vc_col-sm-6 wpb_column vc_column_container us_animate_hfc\" style=\"animation-delay:0.3s\"><div class=\"vc_column-inner\"><div class=\"wpb_wrapper\"><div class=\"w-ibanner us_custom_a10ddd82 has_text_color animation_phorcys ratio_3x2 easing_ease\"><a href=\"https:\/\/galenattachments.com\/ru\/tree-shear\/\" aria-label=\"\u0421\u0442\u0440\u0438\u0436\u043a\u0430 \u0434\u0435\u0440\u0435\u0432\u0430\"><\/a><div class=\"w-ibanner-h\"><div class=\"w-ibanner-image\" style=\"background-image: url(https:\/\/galenattachments.com\/wp-content\/uploads\/2020\/05\/agacKes2.jpg)\"><\/div><div class=\"w-ibanner-content\"><div class=\"w-ibanner-content-h\"><h3 class=\"w-ibanner-title\">\u0421\u0442\u0440\u0438\u0436\u043a\u0430 \u0434\u0435\u0440\u0435\u0432\u0430<\/h3><div class=\"w-ibanner-desc\"><p>\u041e\u043d \u043f\u0440\u0435\u0434\u043b\u0430\u0433\u0430\u0435\u0442 \u0432\u0440\u0435\u043c\u044f \u0438 \u043f\u0440\u043e\u0441\u0442\u043e\u0442\u0443 \u0432 \u044d\u043a\u0441\u043f\u043b\u0443\u0430\u0442\u0430\u0446\u0438\u0438 \u0432 \u043a\u0430\u0447\u0435\u0441\u0442\u0432\u0435 \u043f\u0440\u043e\u0441\u0442\u043e\u0433\u043e \u0432 \u044d\u043a\u0441\u043f\u043b\u0443\u0430\u0442\u0430\u0446\u0438\u0438 \u0442\u0438\u043f\u0430 \u043d\u0430\u0432\u0435\u0441\u043d\u043e\u0433\u043e \u043e\u0431\u043e\u0440\u0443\u0434\u043e\u0432\u0430\u043d\u0438\u044f \u043d\u0430 \u0431\u043e\u043b\u044c\u0448\u0438\u0445 \u0438 \u043f\u043b\u043e\u0442\u043d\u044b\u0445 \u0443\u0447\u0430\u0441\u0442\u043a\u0430\u0445.<\/p>\n<\/div><\/div><\/div><\/div><\/div><\/div><\/div><\/div><div class=\"vc_col-sm-6 wpb_column vc_column_container us_animate_hfc\" style=\"animation-delay:0.3s\"><div class=\"vc_column-inner\"><div class=\"wpb_wrapper\"><div class=\"w-ibanner us_custom_e1b7d205 has_text_color animation_caeros ratio_3x2 easing_ease\"><a href=\"https:\/\/galenattachments.com\/ru\/lawn-mowing\/\" aria-label=\"\u0416\u0435\u043b\u0435\u0437\u043d\u043e\u0434\u043e\u0440\u043e\u0436\u043d\u043e\u0435 \u043e\u0431\u043e\u0440\u0443\u0434\u043e\u0432\u0430\u043d\u0438\u0435 \u0434\u043b\u044f \u0433\u0430\u0437\u043e\u043d\u043e\u043a\u043e\u0441\u0438\u043b\u043a\u0438\"><\/a><div class=\"w-ibanner-h\"><div class=\"w-ibanner-image\" style=\"background-image: url(https:\/\/galenattachments.com\/wp-content\/uploads\/2020\/05\/\u00e7im-b\u00e7me-ata\u015fman\u0131-1-1024x768.jpg)\"><\/div><div class=\"w-ibanner-content\"><div class=\"w-ibanner-content-h\"><h3 class=\"w-ibanner-title\">\u0416\u0435\u043b\u0435\u0437\u043d\u043e\u0434\u043e\u0440\u043e\u0436\u043d\u043e\u0435 \u043e\u0431\u043e\u0440\u0443\u0434\u043e\u0432\u0430\u043d\u0438\u0435 \u0434\u043b\u044f \u0433\u0430\u0437\u043e\u043d\u043e\u043a\u043e\u0441\u0438\u043b\u043a\u0438<\/h3><div class=\"w-ibanner-desc\"><p>\u0418\u0441\u043f\u043e\u043b\u044c\u0437\u043e\u0432\u0430\u043d\u0438\u0435 \u044d\u0442\u0438\u0445 \u043f\u0440\u0438\u0441\u043f\u043e\u0441\u043e\u0431\u043b\u0435\u043d\u0438\u0439 \u043f\u043e\u0437\u0432\u043e\u043b\u044f\u0435\u0442 \u0438\u0437\u0431\u0435\u0436\u0430\u0442\u044c \u0432\u0440\u0435\u043c\u0435\u043d\u043d\u044b\u0445 \u0438 \u0442\u0440\u0443\u0434\u043e\u0432\u044b\u0445 \u0437\u0430\u0442\u0440\u0430\u0442, \u0447\u0442\u043e \u044f\u0432\u043b\u044f\u0435\u0442\u0441\u044f \u043f\u0440\u043e\u0441\u0442\u044b\u043c \u043f\u043e\u043a\u0430\u0437\u0430\u0442\u0435\u043b\u0435\u043c \u0442\u043e\u0433\u043e, \u043a\u0430\u043a \u043c\u043d\u043e\u0433\u043e \u043c\u0435\u0445\u0430\u043d\u0438\u043a\u0438 \u0438 \u0442\u0435\u0445\u043d\u043e\u043b\u043e\u0433\u0438\u0439 \u0432\u043e\u0448\u043b\u0438 \u0432 \u043d\u0430\u0448\u0443 \u043f\u043e\u0432\u0441\u0435\u0434\u043d\u0435\u0432\u043d\u0443\u044e \u0436\u0438\u0437\u043d\u044c.<\/p>\n<\/div><\/div><\/div><\/div><\/div><\/div><\/div><\/div><\/div><\/div><\/section>\n","protected":false},"excerpt":{"rendered":"\u041c\u0430\u0433\u043d\u0438\u0442 \u0438\u0437 \u0441\u0442\u0430\u043b\u044c\u043d\u043e\u0439 \u043f\u043b\u0430\u0441\u0442\u0438\u043d\u044b\u042d\u0442\u043e \u0442\u0438\u043f \u043d\u0430\u0432\u0435\u0441\u043d\u043e\u0433\u043e \u043e\u0431\u043e\u0440\u0443\u0434\u043e\u0432\u0430\u043d\u0438\u044f, \u043a\u043e\u0442\u043e\u0440\u044b\u0439 \u044d\u043a\u043e\u043d\u043e\u043c\u0438\u0442 \u043c\u043d\u043e\u0433\u043e \u0432\u0440\u0435\u043c\u0435\u043d\u0438 \u0438 \u0441\u0438\u043b \u043f\u0440\u0438 \u0442\u0440\u0430\u043d\u0441\u043f\u043e\u0440\u0442\u0438\u0440\u043e\u0432\u043a\u0435 \u0438 \u0448\u0442\u0430\u0431\u0435\u043b\u0438\u0440\u043e\u0432\u0430\u043d\u0438\u0438 \u0441\u0442\u0430\u043b\u044c\u043d\u044b\u0445 \u043b\u0438\u0441\u0442\u043e\u0432. \u041a\u043e\u043c\u0431\u0438\u043d\u0438\u0440\u043e\u0432\u0430\u043d\u043d\u043e\u0435 \u043c\u0430\u0433\u043d\u0438\u0442\u043d\u043e\u0435 \u043a\u0440\u0435\u043f\u043b\u0435\u043d\u0438\u0435Scrap Magnet \u2014 \u044d\u0442\u043e \u043c\u043e\u0449\u043d\u044b\u0439 \u043c\u0430\u0433\u043d\u0438\u0442, \u043a\u043e\u0442\u043e\u0440\u044b\u0439 \u043c\u043e\u0436\u0435\u0442 \u0440\u0430\u0431\u043e\u0442\u0430\u0442\u044c \u0441 \u0432\u043d\u0443\u0442\u0440\u0435\u043d\u043d\u0438\u043c \u0433\u0438\u0434\u0440\u0430\u0432\u043b\u0438\u0447\u0435\u0441\u043a\u0438\u043c \u0433\u0435\u043d\u0435\u0440\u0430\u0442\u043e\u0440\u043e\u043c. \u0418\u043c \u043c\u043e\u0436\u043d\u043e \u043b\u0435\u0433\u043a\u043e \u0443\u043f\u0440\u0430\u0432\u043b\u044f\u0442\u044c \u043d\u0435\u043f\u043e\u0441\u0440\u0435\u0434\u0441\u0442\u0432\u0435\u043d\u043d\u043e \u0441 \u043f\u043e\u043c\u043e\u0449\u044c\u044e \u0433\u0438\u0434\u0440\u0430\u0432\u043b\u0438\u0447\u0435\u0441\u043a\u043e\u0439 \u0441\u0438\u0441\u0442\u0435\u043c\u044b \u044d\u043a\u0441\u043a\u0430\u0432\u0430\u0442\u043e\u0440\u0430. \u0421\u0442\u0440\u0438\u0436\u043a\u0430 \u0434\u0435\u0440\u0435\u0432\u0430\u041e\u043d \u043f\u0440\u0435\u0434\u043b\u0430\u0433\u0430\u0435\u0442 \u0432\u0440\u0435\u043c\u044f \u0438 \u043f\u0440\u043e\u0441\u0442\u043e\u0442\u0443 \u0432 \u044d\u043a\u0441\u043f\u043b\u0443\u0430\u0442\u0430\u0446\u0438\u0438 \u0432 \u043a\u0430\u0447\u0435\u0441\u0442\u0432\u0435 \u043f\u0440\u043e\u0441\u0442\u043e\u0433\u043e...","protected":false},"author":1,"featured_media":0,"parent":0,"menu_order":0,"comment_status":"closed","ping_status":"closed","template":"","meta":{"footnotes":""},"class_list":["post-3875","page","type-page","status-publish","hentry"],"amp_enabled":true,"_links":{"self":[{"href":"https:\/\/galenattachments.com\/ru\/wp-json\/wp\/v2\/pages\/3875","targetHints":{"allow":["GET"]}}],"collection":[{"href":"https:\/\/galenattachments.com\/ru\/wp-json\/wp\/v2\/pages"}],"about":[{"href":"https:\/\/galenattachments.com\/ru\/wp-json\/wp\/v2\/types\/page"}],"author":[{"embeddable":true,"href":"https:\/\/galenattachments.com\/ru\/wp-json\/wp\/v2\/users\/1"}],"replies":[{"embeddable":true,"href":"https:\/\/galenattachments.com\/ru\/wp-json\/wp\/v2\/comments?post=3875"}],"version-history":[{"count":16,"href":"https:\/\/galenattachments.com\/ru\/wp-json\/wp\/v2\/pages\/3875\/revisions"}],"predecessor-version":[{"id":11333,"href":"https:\/\/galenattachments.com\/ru\/wp-json\/wp\/v2\/pages\/3875\/revisions\/11333"}],"wp:attachment":[{"href":"https:\/\/galenattachments.com\/ru\/wp-json\/wp\/v2\/media?parent=3875"}],"curies":[{"name":"wp","href":"https:\/\/api.w.org\/{rel}","templated":true}]}}