{"id":6027,"date":"2020-06-11T13:42:07","date_gmt":"2020-06-11T13:42:07","guid":{"rendered":"https:\/\/galenattachments.com\/?page_id=6027"},"modified":"2025-07-30T06:06:14","modified_gmt":"2025-07-30T06:06:14","slug":"lawn-mowing","status":"publish","type":"page","link":"https:\/\/galenattachments.com\/ru\/lawn-mowing\/","title":{"rendered":"Lawn Mowing"},"content":{"rendered":"<p>ha<section class=\"l-section wpb_row us_custom_51e45d2f height_medium color_primary with_shape\"><div class=\"l-section-overlay\" style=\"background:#ffb90f\"><\/div><div class=\"l-section-shape type_triangle pos_bottom\" style=\"height:15vmin;\"><svg xmlns=\"http:\/\/www.w3.org\/2000\/svg\" viewBox=\"0 0 64 8\" preserveAspectRatio=\"none\" width=\"100%\" height=\"100%\">\r\n\t<path fill=\"currentColor\" d=\"M64 8 L0 8 L0 0 L32 7.9 L64 0 Z\"\/>\r\n<\/svg><\/div><div class=\"l-section-h i-cf\"><div class=\"g-cols vc_row via_flex valign_top type_default stacking_default\"><div class=\"vc_col-sm-12 wpb_column vc_column_container\"><div class=\"vc_column-inner\"><div class=\"wpb_wrapper\"><div class=\"wpb_text_column us_custom_4076faf9 has_text_color\"><div class=\"wpb_wrapper\"><h1 style=\"text-align: center;\">Lawn Mowing<\/h1>\n<\/div><\/div><div class=\"w-separator size_small\"><\/div><\/div><\/div><\/div><\/div><\/div><\/section><section class=\"l-section wpb_row height_small\"><div class=\"l-section-h i-cf\"><div class=\"g-cols vc_row via_flex valign_middle type_default stacking_default\"><div class=\"vc_col-sm-3\/5 wpb_column vc_column_container\"><div class=\"vc_column-inner\"><div class=\"wpb_wrapper\"><div class=\"wpb_text_column\"><div class=\"wpb_wrapper\"><div class=\"wpb_text_column usb_custom_vc_column_text1 has_text_color\" data-=\"\">\n<div class=\"wpb_wrapper\">\n<div class=\"wpb_text_column us_custom_4076faf9 has_text_color\">\n<div class=\"wpb_wrapper\">\n<div class=\"wpb_text_column us_custom_4076faf9 has_text_color\">\n<div class=\"wpb_wrapper\">\n<div class=\"wpb_text_column us_custom_4076faf9 has_text_color\">\n<div class=\"wpb_wrapper\">\n<h3>Lawn Mowing<\/h3>\n<\/div>\n<\/div>\n<\/div>\n<\/div>\n<\/div>\n<\/div>\n<\/div>\n<\/div>\n<\/div><\/div><div class=\"wpb_text_column\"><div class=\"wpb_wrapper\"><p id=\"tw-target-text\" class=\"tw-data-text tw-text-large tw-ta\" dir=\"ltr\" style=\"text-align: left;\" data-placeholder=\"\u00c7eviri\">Lawn Mowing Excavator time and labor costs are avoided with these attachments, which is a simple indication of how much mechanics and technology have entered our daily lives.<\/p>\n<p dir=\"ltr\" data-placeholder=\"\u00c7eviri\">Lawn Mowing Excavator of course it is the ability to design the technological infrastructure that provides this.<\/p>\n<p dir=\"ltr\" data-placeholder=\"\u00c7eviri\">Lawn Mowing Excavator with its strong infrastructure, Galen Group is known in the world for the manufacture of attachments which are considered as lightweight robotic world.<\/p>\n<\/div><\/div><\/div><\/div><\/div><div class=\"vc_col-sm-2\/5 wpb_column vc_column_container\"><div class=\"vc_column-inner\"><div class=\"wpb_wrapper\"><div class=\"w-slider style_none fit_scaledown nav_dots count_11\"><div class=\"w-slider-h\" aria-hidden=\"true\"><div class=\"royalSlider\"><div class=\"rsContent\"><a class=\"rsImg\" data-rsw=\"800\" data-rsh=\"600\" href=\"https:\/\/galenattachments.com\/wp-content\/uploads\/2020\/05\/DSCF854777561-151.jpg\"><span data-alt=\"Lawn Mowing Attachments\"><\/span><\/a><\/div><div class=\"rsContent\"><a class=\"rsImg\" data-rsw=\"1500\" data-rsh=\"1125\" href=\"https:\/\/galenattachments.com\/wp-content\/uploads\/2020\/05\/DSCF854777561-157.jpg\"><span data-alt=\"Lawn Mowing Attachments\"><\/span><\/a><\/div><div class=\"rsContent\"><a class=\"rsImg\" data-rsw=\"1500\" data-rsh=\"1125\" href=\"https:\/\/galenattachments.com\/wp-content\/uploads\/2020\/05\/\u00e7im-b\u00e7me-ata\u015fman\u0131-1.jpg\"><span data-alt=\"Lawn Mowing Attachments\"><\/span><\/a><\/div><div class=\"rsContent\"><a class=\"rsImg\" data-rsw=\"1500\" data-rsh=\"1125\" href=\"https:\/\/galenattachments.com\/wp-content\/uploads\/2020\/05\/\u00e7im-b\u00e7me-ata\u015fman\u0131-2.jpg\"><span data-alt=\"Lawn Mowing Attachments\"><\/span><\/a><\/div><div class=\"rsContent\"><a class=\"rsImg\" data-rsw=\"800\" data-rsh=\"600\" href=\"https:\/\/galenattachments.com\/wp-content\/uploads\/2020\/05\/\u00e7im-b\u00e7me-ata\u015fman\u0131-3.jpg\"><span data-alt=\"Lawn Mowing Attachments\"><\/span><\/a><\/div><div class=\"rsContent\"><a class=\"rsImg\" data-rsw=\"1500\" data-rsh=\"1125\" href=\"https:\/\/galenattachments.com\/wp-content\/uploads\/2020\/05\/\u00e7im-b\u00e7me-ata\u015fman\u0131-4.jpg\"><span data-alt=\"Lawn Mowing Attachments\"><\/span><\/a><\/div><div class=\"rsContent\"><a class=\"rsImg\" data-rsw=\"1500\" data-rsh=\"1125\" href=\"https:\/\/galenattachments.com\/wp-content\/uploads\/2020\/05\/DSCF854777561-152.jpg\"><span data-alt=\"Lawn Mowing Attachments\"><\/span><\/a><\/div><div class=\"rsContent\"><a class=\"rsImg\" data-rsw=\"1500\" data-rsh=\"1125\" href=\"https:\/\/galenattachments.com\/wp-content\/uploads\/2020\/05\/DSCF854777561-148.jpg\"><span data-alt=\"Lawn Mowing Attachments\"><\/span><\/a><\/div><div class=\"rsContent\"><a class=\"rsImg\" data-rsw=\"1500\" data-rsh=\"1125\" href=\"https:\/\/galenattachments.com\/wp-content\/uploads\/2020\/05\/DSCF854777561-144.jpg\"><span data-alt=\"Lawn Mowing Attachments\"><\/span><\/a><\/div><div class=\"rsContent\"><a class=\"rsImg\" data-rsw=\"800\" data-rsh=\"600\" href=\"https:\/\/galenattachments.com\/wp-content\/uploads\/2020\/05\/DSCF854777561-150.jpg\"><span data-alt=\"Lawn Mowing Attachments\"><\/span><\/a><\/div><div class=\"rsContent\"><a class=\"rsImg\" data-rsw=\"500\" data-rsh=\"333\" href=\"https:\/\/galenattachments.com\/wp-content\/uploads\/2020\/05\/cimB.jpg\"><span data-alt=\"Lawn Mowing Attachments\"><\/span><\/a><\/div><\/div><img decoding=\"async\" src=\"https:\/\/galenattachments.com\/wp-content\/uploads\/2020\/05\/DSCF854777561-151.jpg\" width=\"800\" height=\"600\" alt=\"Lawn Mowing Attachments\" loading=\"lazy\"><\/div><div class=\"w-slider-json\" onclick='return {&quot;autoScaleSlider&quot;:true,&quot;addActiveClass&quot;:true,&quot;loop&quot;:true,&quot;fadeInLoadedSlide&quot;:false,&quot;slidesSpacing&quot;:0,&quot;imageScalePadding&quot;:0,&quot;numImagesToPreload&quot;:2,&quot;arrowsNav&quot;:true,&quot;arrowsNavAutoHide&quot;:false,&quot;transitionType&quot;:&quot;move&quot;,&quot;transitionSpeed&quot;:250,&quot;block&quot;:{&quot;moveEffect&quot;:&quot;none&quot;,&quot;speed&quot;:300},&quot;thumbs&quot;:{&quot;fitInViewport&quot;:false,&quot;firstMargin&quot;:false,&quot;spacing&quot;:4},&quot;controlNavigation&quot;:&quot;bullets&quot;,&quot;autoScaleSliderWidth&quot;:800,&quot;autoScaleSliderHeight&quot;:600}'><\/div><\/div><\/div><\/div><\/div><\/div><\/div><\/section><section class=\"l-section wpb_row height_medium\"><div class=\"l-section-h i-cf\"><div class=\"g-cols vc_row via_flex valign_top type_default stacking_default\"><div class=\"vc_col-sm-12 wpb_column vc_column_container\"><div class=\"vc_column-inner\"><div class=\"wpb_wrapper\"><div class=\"wpb_text_column\"><div class=\"wpb_wrapper\"><p>&nbsp;<\/p>\n<\/div><\/div><\/div><\/div><\/div><\/div><\/div><\/section><section class=\"l-section wpb_row height_medium\"><div class=\"l-section-h i-cf\"><div class=\"g-cols vc_row via_flex valign_top type_default stacking_default\"><div class=\"vc_col-sm-3 wpb_column vc_column_container\"><div class=\"vc_column-inner us_custom_7145ee37 us_animate_this\"><div class=\"wpb_wrapper\"><div class=\"w-ibanner us_custom_c605a9d5 has_text_color animation_phorcys ratio_3x2 easing_ease\"><a href=\"https:\/\/galenattachments.com\/ripper\/\" aria-label=\"Steel Plate Magnet\"><\/a><div class=\"w-ibanner-h\"><div class=\"w-ibanner-image\" style=\"background-image: url(https:\/\/galenattachments.com\/wp-content\/uploads\/2020\/05\/plMagnet2.jpg)\"><\/div><div class=\"w-ibanner-content\"><div class=\"w-ibanner-content-h\"><h3 class=\"w-ibanner-title\">Steel Plate Magnet<\/h3><div class=\"w-ibanner-desc\"><p>Recyling Attachment<\/p>\n<\/div><\/div><\/div><\/div><\/div><\/div><\/div><\/div><div class=\"vc_col-sm-3 wpb_column vc_column_container\"><div class=\"vc_column-inner us_custom_7145ee37 us_animate_this\"><div class=\"wpb_wrapper\"><div class=\"w-ibanner us_custom_ad48e82b has_text_color animation_phorcys ratio_3x2 easing_ease\"><a href=\"https:\/\/galenattachments.com\/combi-magnet-attachment\/\" aria-label=\"Combi Magnet Attachment\"><\/a><div class=\"w-ibanner-h\"><div class=\"w-ibanner-image\" style=\"background-image: url(https:\/\/galenattachments.com\/wp-content\/uploads\/2020\/05\/magnet.jpg)\"><\/div><div class=\"w-ibanner-content\"><div class=\"w-ibanner-content-h\"><h3 class=\"w-ibanner-title\">Combi Magnet Attachment<\/h3><div class=\"w-ibanner-desc\"><p>Recyling Attachment<\/p>\n<\/div><\/div><\/div><\/div><\/div><\/div><\/div><\/div><div class=\"vc_col-sm-3 wpb_column vc_column_container\"><div class=\"vc_column-inner us_custom_7145ee37 us_animate_this\"><div class=\"wpb_wrapper\"><div class=\"w-ibanner us_custom_a10ddd82 has_text_color animation_phorcys ratio_3x2 easing_ease\"><a href=\"https:\/\/galenattachments.com\/hydraulic-shear\/\" aria-label=\"Hydraulic Shear\"><\/a><div class=\"w-ibanner-h\"><div class=\"w-ibanner-image\" style=\"background-image: url(https:\/\/galenattachments.com\/wp-content\/uploads\/2020\/06\/Scrap-Cutting-Shear-26.06.2020_5.jpg)\"><\/div><div class=\"w-ibanner-content\"><div class=\"w-ibanner-content-h\"><h3 class=\"w-ibanner-title\">Hydraulic Shear<\/h3><div class=\"w-ibanner-desc\"><p>Recyling Attachment<\/p>\n<\/div><\/div><\/div><\/div><\/div><\/div><\/div><\/div><div class=\"vc_col-sm-3 wpb_column vc_column_container\"><div class=\"vc_column-inner us_custom_7145ee37 us_animate_this\"><div class=\"wpb_wrapper\"><div class=\"w-ibanner us_custom_b15aed28 has_text_color animation_phorcys ratio_3x2 easing_ease\"><a href=\"https:\/\/galenattachments.com\/tree-shear\/\" aria-label=\"Tree Shear\"><\/a><div class=\"w-ibanner-h\"><div class=\"w-ibanner-image\" style=\"background-image: url(https:\/\/galenattachments.com\/wp-content\/uploads\/2020\/05\/agacKesB.jpg)\"><\/div><div class=\"w-ibanner-content\"><div class=\"w-ibanner-content-h\"><h3 class=\"w-ibanner-title\">Tree Shear<\/h3><div class=\"w-ibanner-desc\"><p>Recyling Attachment<\/p>\n<\/div><\/div><\/div><\/div><\/div><\/div><\/div><\/div><div class=\"vc_col-sm-3 wpb_column vc_column_container\"><div class=\"vc_column-inner\"><div class=\"wpb_wrapper\"><div class=\"w-separator size_small\"><\/div><div class=\"w-ibanner us_custom_e7c215f2 has_text_color animation_phorcys ratio_3x2 easing_ease\"><a href=\"https:\/\/galenattachments.com\/excavator-brush-cutter\/\" aria-label=\"Excavator Brush Cutter\"><\/a><div class=\"w-ibanner-h\"><div class=\"w-ibanner-image\" style=\"background-image: url(https:\/\/galenattachments.com\/wp-content\/uploads\/2022\/03\/Excavator-Brush-Cutter-8-1024x1024.jpg)\"><\/div><div class=\"w-ibanner-content\"><div class=\"w-ibanner-content-h\"><h3 class=\"w-ibanner-title\">Excavator Brush Cutter<\/h3><div class=\"w-ibanner-desc\"><p>Recyling Attachment<\/p>\n<\/div><\/div><\/div><\/div><\/div><\/div><\/div><\/div><\/div><\/div><\/section>\n","protected":false},"excerpt":{"rendered":"<p>ha<\/p>\n","protected":false},"author":1,"featured_media":0,"parent":0,"menu_order":0,"comment_status":"closed","ping_status":"closed","template":"","meta":{"footnotes":""},"class_list":["post-6027","page","type-page","status-publish","hentry"],"amp_enabled":true,"_links":{"self":[{"href":"https:\/\/galenattachments.com\/ru\/wp-json\/wp\/v2\/pages\/6027","targetHints":{"allow":["GET"]}}],"collection":[{"href":"https:\/\/galenattachments.com\/ru\/wp-json\/wp\/v2\/pages"}],"about":[{"href":"https:\/\/galenattachments.com\/ru\/wp-json\/wp\/v2\/types\/page"}],"author":[{"embeddable":true,"href":"https:\/\/galenattachments.com\/ru\/wp-json\/wp\/v2\/users\/1"}],"replies":[{"embeddable":true,"href":"https:\/\/galenattachments.com\/ru\/wp-json\/wp\/v2\/comments?post=6027"}],"version-history":[{"count":19,"href":"https:\/\/galenattachments.com\/ru\/wp-json\/wp\/v2\/pages\/6027\/revisions"}],"predecessor-version":[{"id":13078,"href":"https:\/\/galenattachments.com\/ru\/wp-json\/wp\/v2\/pages\/6027\/revisions\/13078"}],"wp:attachment":[{"href":"https:\/\/galenattachments.com\/ru\/wp-json\/wp\/v2\/media?parent=6027"}],"curies":[{"name":"wp","href":"https:\/\/api.w.org\/{rel}","templated":true}]}}