{"id":6171,"date":"2020-06-15T06:24:11","date_gmt":"2020-06-15T06:24:11","guid":{"rendered":"https:\/\/galenattachments.com\/?page_id=6171"},"modified":"2022-11-29T11:30:36","modified_gmt":"2022-11-29T11:30:36","slug":"pamter","status":"publish","type":"page","link":"https:\/\/galenattachments.com\/ru\/pamter\/","title":{"rendered":"Pamter Attachment"},"content":{"rendered":"<section class=\"l-section wpb_row us_custom_51e45d2f height_medium color_primary with_shape\"><div class=\"l-section-overlay\" style=\"background:#ffb90f\"><\/div><div class=\"l-section-shape type_triangle pos_bottom\" style=\"height:15vmin;\"><svg xmlns=\"http:\/\/www.w3.org\/2000\/svg\" viewBox=\"0 0 64 8\" preserveAspectRatio=\"none\" width=\"100%\" height=\"100%\">\r\n\t<path fill=\"currentColor\" d=\"M64 8 L0 8 L0 0 L32 7.9 L64 0 Z\"\/>\r\n<\/svg><\/div><div class=\"l-section-h i-cf\"><div class=\"g-cols vc_row via_flex valign_top type_default stacking_default\"><div class=\"vc_col-sm-12 wpb_column vc_column_container\"><div class=\"vc_column-inner\"><div class=\"wpb_wrapper\"><div class=\"wpb_text_column us_custom_4076faf9 has_text_color\"><div class=\"wpb_wrapper\"><h1 style=\"text-align: center;\">Pamter Attachment-Block Pusher<\/h1>\n<\/div><\/div><div class=\"w-separator size_small\"><\/div><\/div><\/div><\/div><\/div><\/div><\/section><section class=\"l-section wpb_row height_small\"><div class=\"l-section-h i-cf\"><div class=\"g-cols vc_row via_flex valign_middle type_default stacking_default\"><div class=\"vc_col-sm-3\/5 wpb_column vc_column_container\"><div class=\"vc_column-inner\"><div class=\"wpb_wrapper\"><div class=\"wpb_text_column\"><div class=\"wpb_wrapper\"><div class=\"wpb_text_column usb_custom_vc_column_text1 has_text_color\" data-=\"\">\n<div class=\"wpb_wrapper\">\n<div class=\"wpb_text_column us_custom_4076faf9 has_text_color\">\n<div class=\"wpb_wrapper\">\n<div class=\"wpb_text_column us_custom_4076faf9 has_text_color\">\n<div class=\"wpb_wrapper\">\n<div class=\"wpb_text_column us_custom_4076faf9 has_text_color\">\n<div class=\"wpb_wrapper\">\n<h3>Pamter Attachment-Block Pusher<\/h3>\n<\/div>\n<\/div>\n<\/div>\n<\/div>\n<\/div>\n<\/div>\n<\/div>\n<\/div>\n<\/div><\/div><div class=\"wpb_text_column\"><div class=\"wpb_wrapper\"><p id=\"tw-target-text\" class=\"tw-data-text tw-text-large tw-ta\" dir=\"ltr\" style=\"text-align: left;\" data-placeholder=\"\u00c7eviri\">Pamter Excavator it is used for selecting large masses (cut from the main rock) by pushing in marble quarries and is used by attaching to the boom part of the excavator.<\/p>\n<p dir=\"ltr\" data-placeholder=\"\u00c7eviri\">Pamter Excavator it is a hydromechanical tool that takes its power from the hydraulic pump of the excavator. It can push masses up to 1100 tons.<\/p>\n<p dir=\"ltr\" data-placeholder=\"\u00c7eviri\">Pamter Excavator Galen Group&#8217;s engineers meticulously design and manufacture according to the relevant sizes, site properties and clients\u2019 demands<\/p>\n<\/div><\/div><\/div><\/div><\/div><div class=\"vc_col-sm-2\/5 wpb_column vc_column_container\"><div class=\"vc_column-inner\"><div class=\"wpb_wrapper\"><div class=\"w-slider style_none fit_scaledown nav_dots count_4\"><div class=\"w-slider-h\" aria-hidden=\"true\"><div class=\"royalSlider\"><div class=\"rsContent\"><a class=\"rsImg\" data-rsw=\"500\" data-rsh=\"375\" href=\"https:\/\/galenattachments.com\/wp-content\/uploads\/2020\/05\/mermer-ata\u015fman\u0131-pamter-mermer-ay\u0131r\u0131c\u0131-ata\u015fman-1-2.jpg\"><span data-alt=\"pamter excavator\"><\/span><\/a><\/div><div class=\"rsContent\"><a class=\"rsImg\" data-rsw=\"824\" data-rsh=\"603\" href=\"https:\/\/galenattachments.com\/wp-content\/uploads\/2020\/06\/pamter-attachment-26.06.2020-2.jpg\"><span data-alt=\"pamter excavator\"><\/span><\/a><\/div><div class=\"rsContent\"><a class=\"rsImg\" data-rsw=\"644\" data-rsh=\"600\" href=\"https:\/\/galenattachments.com\/wp-content\/uploads\/2020\/06\/pamter-attachment-26.06.2020.jpg\"><span data-alt=\"pamter excavator\"><\/span><\/a><\/div><div class=\"rsContent\"><a class=\"rsImg\" data-rsw=\"809\" data-rsh=\"556\" href=\"https:\/\/galenattachments.com\/wp-content\/uploads\/2020\/06\/pamter-attachment-26.06.2020-1.jpg\"><span data-alt=\"pamter excavator\"><\/span><\/a><\/div><\/div><img decoding=\"async\" src=\"https:\/\/galenattachments.com\/wp-content\/uploads\/2020\/05\/mermer-ata\u015fman\u0131-pamter-mermer-ay\u0131r\u0131c\u0131-ata\u015fman-1-2.jpg\" width=\"500\" height=\"375\" alt=\"pamter excavator\" loading=\"lazy\"><\/div><div class=\"w-slider-json\" onclick='return {&quot;autoScaleSlider&quot;:true,&quot;addActiveClass&quot;:true,&quot;loop&quot;:true,&quot;fadeInLoadedSlide&quot;:false,&quot;slidesSpacing&quot;:0,&quot;imageScalePadding&quot;:0,&quot;numImagesToPreload&quot;:2,&quot;arrowsNav&quot;:true,&quot;arrowsNavAutoHide&quot;:false,&quot;transitionType&quot;:&quot;move&quot;,&quot;transitionSpeed&quot;:250,&quot;block&quot;:{&quot;moveEffect&quot;:&quot;none&quot;,&quot;speed&quot;:300},&quot;thumbs&quot;:{&quot;fitInViewport&quot;:false,&quot;firstMargin&quot;:false,&quot;spacing&quot;:4},&quot;controlNavigation&quot;:&quot;bullets&quot;,&quot;autoScaleSliderWidth&quot;:500,&quot;autoScaleSliderHeight&quot;:375}'><\/div><\/div><\/div><\/div><\/div><\/div><\/div><\/section><section class=\"l-section wpb_row height_medium\"><div class=\"l-section-h i-cf\"><div class=\"g-cols vc_row via_flex valign_top type_default stacking_default\"><div class=\"vc_col-sm-3 wpb_column vc_column_container\"><div class=\"vc_column-inner us_custom_7145ee37 us_animate_this\"><div class=\"wpb_wrapper\"><div class=\"w-ibanner us_custom_c605a9d5 has_text_color animation_phorcys ratio_3x2 easing_ease\"><a href=\"https:\/\/galenattachments.com\/ripper\/\" aria-label=\"Ripper\"><\/a><div class=\"w-ibanner-h\"><div class=\"w-ibanner-image\" style=\"background-image: url(https:\/\/galenattachments.com\/wp-content\/uploads\/2020\/05\/111-1.jpg)\"><\/div><div class=\"w-ibanner-content\"><div class=\"w-ibanner-content-h\"><h3 class=\"w-ibanner-title\">Ripper<\/h3><div class=\"w-ibanner-desc\"><p>Marble Attachment<\/p>\n<\/div><\/div><\/div><\/div><\/div><\/div><\/div><\/div><div class=\"vc_col-sm-3 wpb_column vc_column_container\"><div class=\"vc_column-inner us_custom_7145ee37 us_animate_this\"><div class=\"wpb_wrapper\"><div class=\"w-ibanner us_custom_2a3d1a18 has_text_color animation_phorcys ratio_3x2 easing_ease\"><a href=\"https:\/\/galenattachments.com\/marble-fork\/\" aria-label=\"Marble Fork\"><\/a><div class=\"w-ibanner-h\"><div class=\"w-ibanner-image\" style=\"background-image: url(https:\/\/galenattachments.com\/wp-content\/uploads\/2020\/05\/mCatalB.jpg)\"><\/div><div class=\"w-ibanner-content\"><div class=\"w-ibanner-content-h\"><h3 class=\"w-ibanner-title\">Marble Fork<\/h3><div class=\"w-ibanner-desc\"><p>Marble Attachment<\/p>\n<\/div><\/div><\/div><\/div><\/div><\/div><\/div><\/div><div class=\"vc_col-sm-3 wpb_column vc_column_container\"><div class=\"vc_column-inner us_custom_7145ee37 us_animate_this\"><div class=\"wpb_wrapper\"><div class=\"w-ibanner us_custom_ad48e82b has_text_color animation_phorcys ratio_3x2 easing_ease\"><a href=\"https:\/\/galenattachments.com\/marble-attachment\/\" aria-label=\"Marble Attachment\"><\/a><div class=\"w-ibanner-h\"><div class=\"w-ibanner-image\" style=\"background-image: url(https:\/\/galenattachments.com\/wp-content\/uploads\/2020\/05\/20171227_143626_resized-1024x768.jpg)\"><\/div><div class=\"w-ibanner-content\"><div class=\"w-ibanner-content-h\"><h3 class=\"w-ibanner-title\">Marble Attachment<\/h3><div class=\"w-ibanner-desc\"><p>Marble Attachment<\/p>\n<\/div><\/div><\/div><\/div><\/div><\/div><\/div><\/div><div class=\"vc_col-sm-3 wpb_column vc_column_container\"><div class=\"vc_column-inner us_custom_7145ee37 us_animate_this\"><div class=\"wpb_wrapper\"><div class=\"w-ibanner us_custom_b15aed28 has_text_color animation_phorcys ratio_3x2 easing_ease\"><a href=\"https:\/\/galenattachments.com\/marble-demolition-boom\/\" aria-label=\"Marble Demolition Boom\"><\/a><div class=\"w-ibanner-h\"><div class=\"w-ibanner-image\" style=\"background-image: url(https:\/\/galenattachments.com\/wp-content\/uploads\/2020\/05\/mermer-y\u0131k\u0131m-boomu-3.jpg)\"><\/div><div class=\"w-ibanner-content\"><div class=\"w-ibanner-content-h\"><h3 class=\"w-ibanner-title\">Marble Demolition Boom<\/h3><div class=\"w-ibanner-desc\"><p>Marble Attachment<\/p>\n<\/div><\/div><\/div><\/div><\/div><\/div><\/div><\/div><div class=\"vc_col-sm-3 wpb_column vc_column_container\"><div class=\"vc_column-inner us_custom_7145ee37 us_animate_this\"><div class=\"wpb_wrapper\"><div class=\"w-separator size_medium\"><\/div><div class=\"w-ibanner us_custom_2a3d1a18 has_text_color animation_phorcys ratio_3x2 easing_ease\"><a href=\"https:\/\/galenattachments.com\/marble-block-damper\/\" aria-label=\"Marble Block Damper\"><\/a><div class=\"w-ibanner-h\"><div class=\"w-ibanner-image\" style=\"background-image: url(https:\/\/galenattachments.com\/wp-content\/uploads\/2020\/05\/IMG_3838-1024x768.jpg)\"><\/div><div class=\"w-ibanner-content\"><div class=\"w-ibanner-content-h\"><h3 class=\"w-ibanner-title\">Marble Block Damper<\/h3><div class=\"w-ibanner-desc\"><p>Marble Attachment<\/p>\n<\/div><\/div><\/div><\/div><\/div><\/div><\/div><\/div><\/div><\/div><\/section>\n","protected":false},"excerpt":{"rendered":"Pamter Attachment-Block Pusher Pamter Attachment-Block Pusher Pamter Excavator it is used for selecting large masses (cut from the main rock) by pushing in marble quarries and is used by attaching to the boom part of the excavator. Pamter Excavator it is a hydromechanical tool that takes its power from the hydraulic pump of the excavator....","protected":false},"author":1,"featured_media":0,"parent":0,"menu_order":0,"comment_status":"closed","ping_status":"closed","template":"","meta":{"footnotes":""},"class_list":["post-6171","page","type-page","status-publish","hentry"],"amp_enabled":true,"_links":{"self":[{"href":"https:\/\/galenattachments.com\/ru\/wp-json\/wp\/v2\/pages\/6171","targetHints":{"allow":["GET"]}}],"collection":[{"href":"https:\/\/galenattachments.com\/ru\/wp-json\/wp\/v2\/pages"}],"about":[{"href":"https:\/\/galenattachments.com\/ru\/wp-json\/wp\/v2\/types\/page"}],"author":[{"embeddable":true,"href":"https:\/\/galenattachments.com\/ru\/wp-json\/wp\/v2\/users\/1"}],"replies":[{"embeddable":true,"href":"https:\/\/galenattachments.com\/ru\/wp-json\/wp\/v2\/comments?post=6171"}],"version-history":[{"count":15,"href":"https:\/\/galenattachments.com\/ru\/wp-json\/wp\/v2\/pages\/6171\/revisions"}],"predecessor-version":[{"id":7301,"href":"https:\/\/galenattachments.com\/ru\/wp-json\/wp\/v2\/pages\/6171\/revisions\/7301"}],"wp:attachment":[{"href":"https:\/\/galenattachments.com\/ru\/wp-json\/wp\/v2\/media?parent=6171"}],"curies":[{"name":"wp","href":"https:\/\/api.w.org\/{rel}","templated":true}]}}