{"id":6290,"date":"2020-06-15T13:23:05","date_gmt":"2020-06-15T13:23:05","guid":{"rendered":"https:\/\/galenattachments.com\/?page_id=6290"},"modified":"2024-04-18T06:26:57","modified_gmt":"2024-04-18T06:26:57","slug":"bucket-crusher","status":"publish","type":"page","link":"https:\/\/galenattachments.com\/ru\/bucket-crusher\/","title":{"rendered":"Bucket Crusher"},"content":{"rendered":"<section class=\"l-section wpb_row us_custom_51e45d2f height_medium color_primary with_shape\"><div class=\"l-section-overlay\" style=\"background:#ffb90f\"><\/div><div class=\"l-section-shape type_triangle pos_bottom\" style=\"height:15vmin;\"><svg xmlns=\"http:\/\/www.w3.org\/2000\/svg\" viewBox=\"0 0 64 8\" preserveAspectRatio=\"none\" width=\"100%\" height=\"100%\">\r\n\t<path fill=\"currentColor\" d=\"M64 8 L0 8 L0 0 L32 7.9 L64 0 Z\"\/>\r\n<\/svg><\/div><div class=\"l-section-h i-cf\"><div class=\"g-cols vc_row via_flex valign_top type_default stacking_default\"><div class=\"vc_col-sm-12 wpb_column vc_column_container\"><div class=\"vc_column-inner\"><div class=\"wpb_wrapper\"><div class=\"wpb_text_column us_custom_4076faf9 has_text_color\"><div class=\"wpb_wrapper\"><h1 style=\"text-align: center;\">Bucket Crusher<\/h1>\n<\/div><\/div><div class=\"w-separator size_small\"><\/div><\/div><\/div><\/div><\/div><\/div><\/section><section class=\"l-section wpb_row height_small\"><div class=\"l-section-h i-cf\"><div class=\"g-cols vc_row via_flex valign_middle type_default stacking_default\"><div class=\"vc_col-sm-3\/5 wpb_column vc_column_container\"><div class=\"vc_column-inner\"><div class=\"wpb_wrapper\"><div class=\"wpb_text_column\"><div class=\"wpb_wrapper\"><div class=\"wpb_text_column usb_custom_vc_column_text1 has_text_color\" data-=\"\">\n<div class=\"wpb_wrapper\">\n<div class=\"wpb_text_column us_custom_4076faf9 has_text_color\">\n<div class=\"wpb_wrapper\">\n<div class=\"wpb_text_column us_custom_4076faf9 has_text_color\">\n<div class=\"wpb_wrapper\">\n<div class=\"wpb_text_column us_custom_4076faf9 has_text_color\">\n<div class=\"wpb_wrapper\">\n<h3 style=\"text-align: left;\">Bucket Crusher<\/h3>\n<\/div>\n<\/div>\n<\/div>\n<\/div>\n<\/div>\n<\/div>\n<\/div>\n<\/div>\n<\/div><\/div><div class=\"wpb_text_column\"><div class=\"wpb_wrapper\"><p>The bucket crusher is an incredibly versatile attachment that has been specifically designed for the purpose of crushing and recycling materials directly at the job site. This innovative attachment is securely mounted onto an excavator, utilizing the excavator&#8217;s robust jaws to effectively crush a diverse range of materials. From concrete and bricks to asphalt and natural stone, the bucket crusher efficiently tackles various types of materials.<\/p>\n<p>With its powerful crushing capabilities, the bucket crusher provides an efficient and cost-effective solution for reducing debris sizes, facilitating easier disposal or recycling processes. Its ingenious design allows for convenient on-site crushing, eliminating the need for transporting materials to a separate facility.<\/p>\n<p>The compact nature of the bucket crusher further adds to its appeal. It occupies minimal space on the job site while still delivering impressive crushing power. Additionally, the adjustable jaw settings of the bucket crusher enhance its versatility, enabling it to adapt to different material types and desired output sizes.<\/p>\n<\/div><\/div><\/div><\/div><\/div><div class=\"vc_col-sm-2\/5 wpb_column vc_column_container\"><div class=\"vc_column-inner\"><div class=\"wpb_wrapper\"><div class=\"w-slider style_none fit_scaledown nav_dots count_12\"><div class=\"w-slider-h\" aria-hidden=\"true\"><div class=\"royalSlider\"><div class=\"rsContent\"><a class=\"rsImg\" data-rsw=\"1200\" data-rsh=\"800\" href=\"https:\/\/galenattachments.com\/wp-content\/uploads\/2024\/04\/bukcet-crusher-1.jpg\"><span data-alt=\"\"><\/span><\/a><\/div><div class=\"rsContent\"><a class=\"rsImg\" data-rsw=\"1200\" data-rsh=\"800\" href=\"https:\/\/galenattachments.com\/wp-content\/uploads\/2024\/04\/bukcet-crusher-3.jpg\"><span data-alt=\"\"><\/span><\/a><\/div><div class=\"rsContent\"><a class=\"rsImg\" data-rsw=\"1200\" data-rsh=\"800\" href=\"https:\/\/galenattachments.com\/wp-content\/uploads\/2024\/04\/bukcet-crusher-2.jpg\"><span data-alt=\"\"><\/span><\/a><\/div><div class=\"rsContent\"><a class=\"rsImg\" data-rsw=\"1200\" data-rsh=\"1200\" href=\"https:\/\/galenattachments.com\/wp-content\/uploads\/2022\/04\/Bucket-Crusher-For-Excavator-Equipment-4.webp\"><span data-alt=\"Bucket Crusher\"><\/span><\/a><\/div><div class=\"rsContent\"><a class=\"rsImg\" data-rsw=\"1200\" data-rsh=\"1200\" href=\"https:\/\/galenattachments.com\/wp-content\/uploads\/2022\/04\/Bucket-Crusher-For-Excavator-Equipment.webp\"><span data-alt=\"Bucket Crusher\"><\/span><\/a><\/div><div class=\"rsContent\"><a class=\"rsImg\" data-rsw=\"1200\" data-rsh=\"1200\" href=\"https:\/\/galenattachments.com\/wp-content\/uploads\/2022\/04\/Bucket-Crusher-For-Excavator-Equipment-3.webp\"><span data-alt=\"Bucket Crusher\"><\/span><\/a><\/div><div class=\"rsContent\"><a class=\"rsImg\" data-rsw=\"1560\" data-rsh=\"1170\" href=\"https:\/\/galenattachments.com\/wp-content\/uploads\/2020\/05\/IMG_9746.jpg\"><span data-alt=\"Bucket Crusher Recyling Attachments\"><\/span><\/a><\/div><div class=\"rsContent\"><a class=\"rsImg\" data-rsw=\"1200\" data-rsh=\"1200\" href=\"https:\/\/galenattachments.com\/wp-content\/uploads\/2022\/04\/Bucket-Crusher-For-Excavator-Equipment-2.webp\"><span data-alt=\"Bucket Crusher\"><\/span><\/a><\/div><div class=\"rsContent\"><a class=\"rsImg\" data-rsw=\"1500\" data-rsh=\"1125\" href=\"https:\/\/galenattachments.com\/wp-content\/uploads\/2020\/05\/IMG_5115.jpg\"><span data-alt=\"Bucket Crusher Recyling Attachments\"><\/span><\/a><\/div><div class=\"rsContent\"><a class=\"rsImg\" data-rsw=\"1500\" data-rsh=\"1125\" href=\"https:\/\/galenattachments.com\/wp-content\/uploads\/2020\/05\/IMG_5184.jpg\"><span data-alt=\"Bucket Crusher Recyling Attachments\"><\/span><\/a><\/div><div class=\"rsContent\"><a class=\"rsImg\" data-rsw=\"1560\" data-rsh=\"1170\" href=\"https:\/\/galenattachments.com\/wp-content\/uploads\/2020\/05\/IMG_4738.jpg\"><span data-alt=\"Bucket Crusher Recyling Attachments\"><\/span><\/a><\/div><div class=\"rsContent\"><a class=\"rsImg\" data-rsw=\"1500\" data-rsh=\"1125\" href=\"https:\/\/galenattachments.com\/wp-content\/uploads\/2020\/05\/IMG_5195.jpg\"><span data-alt=\"Bucket Crusher Recyling Attachments\"><\/span><\/a><\/div><\/div><img decoding=\"async\" src=\"https:\/\/galenattachments.com\/wp-content\/uploads\/2024\/04\/bukcet-crusher-1.jpg\" width=\"1200\" height=\"800\" alt loading=\"lazy\"><\/div><div class=\"w-slider-json\" onclick='return {&quot;autoScaleSlider&quot;:true,&quot;addActiveClass&quot;:true,&quot;loop&quot;:true,&quot;fadeInLoadedSlide&quot;:false,&quot;slidesSpacing&quot;:0,&quot;imageScalePadding&quot;:0,&quot;numImagesToPreload&quot;:2,&quot;arrowsNav&quot;:true,&quot;arrowsNavAutoHide&quot;:false,&quot;transitionType&quot;:&quot;move&quot;,&quot;transitionSpeed&quot;:250,&quot;block&quot;:{&quot;moveEffect&quot;:&quot;none&quot;,&quot;speed&quot;:300},&quot;thumbs&quot;:{&quot;fitInViewport&quot;:false,&quot;firstMargin&quot;:false,&quot;spacing&quot;:4},&quot;controlNavigation&quot;:&quot;bullets&quot;,&quot;autoScaleSliderWidth&quot;:1200,&quot;autoScaleSliderHeight&quot;:800}'><\/div><\/div><\/div><\/div><\/div><\/div><\/div><\/section><section class=\"l-section wpb_row height_medium with_shape\"><div class=\"l-section-overlay\" style=\"background:#ffb90f\"><\/div><div class=\"l-section-shape type_tilt pos_bottom\" style=\"height:15vmin;\"><svg xmlns=\"http:\/\/www.w3.org\/2000\/svg\" viewBox=\"0 0 64 8\" preserveAspectRatio=\"none\" width=\"100%\" height=\"100%\">\r\n\t<path fill=\"currentColor\" d=\"M64 7.9 L64 10 L0 10 L0 0 Z\"\/>\r\n<\/svg><\/div><div class=\"l-section-h i-cf\"><div class=\"g-cols vc_row via_flex valign_top type_default stacking_default\"><div class=\"vc_col-sm-6 wpb_column vc_column_container\"><div class=\"vc_column-inner\"><div class=\"wpb_wrapper\"><div class=\"wpb_text_column\"><div class=\"wpb_wrapper\"><p>The applications of the bucket crusher span a wide range of construction, demolition, and landscaping projects. Whether it&#8217;s demolishing structures, renovating landscapes, or clearing construction sites, this attachment proves to be an indispensable tool. The ability to crush materials on-site saves time, reduces transportation costs, and promotes sustainable practices by facilitating the recycling of construction waste.<\/p>\n<p>In conclusion, the bucket crusher stands as a remarkable attachment that revolutionizes the crushing and recycling process. Its ability to mount on an excavator, crush various materials, and offer a compact design with adjustable jaw settings makes it an ideal choice for numerous construction, demolition, and landscaping applications.<\/p>\n<\/div><\/div><\/div><\/div><\/div><div class=\"vc_col-sm-6 wpb_column vc_column_container\"><div class=\"vc_column-inner\"><div class=\"wpb_wrapper\"><div class=\"w-html\"><video controls=\"controls\" width=\"1600\" height=\"550\" align=\"center\"> <source src=\"https:\/\/galenattachments.com\/wp-content\/uploads\/2021\/02\/bucket-crusher.mp4?_=0\" \/>&nbsp;\n\n&nbsp;\n\n<\/video><\/div><\/div><\/div><\/div><div class=\"vc_col-sm-12 wpb_column vc_column_container\"><div class=\"vc_column-inner us_custom_7145ee37 us_animate_this\"><div class=\"wpb_wrapper\"><div class=\"w-separator size_medium\"><\/div><div class=\"wpb_text_column\"><div class=\"wpb_wrapper\"><h2 style=\"text-align: center;\"><strong>Bucket Crusher Brochure<\/strong><\/h2>\n<\/div><\/div><\/div><\/div><\/div><div class=\"vc_col-sm-6 wpb_column vc_column_container\"><div class=\"vc_column-inner\"><div class=\"wpb_wrapper\"><div class=\"w-separator size_medium\"><\/div><div class=\"w-image align_center\"><a target=\"_blank\" rel=\"nofollow\" href=\"https:\/\/galenattachments.com\/BUCKET CRUSHER2.pdf\" aria-label=\"bucket crusher brochure\" class=\"w-image-h\"><img decoding=\"async\" width=\"399\" height=\"567\" src=\"https:\/\/galenattachments.com\/wp-content\/uploads\/2020\/07\/bucket-crusher-brochure.png\" class=\"attachment-large size-large\" alt=\"bucket crusher brochure\" loading=\"lazy\" srcset=\"https:\/\/galenattachments.com\/wp-content\/uploads\/2020\/07\/bucket-crusher-brochure.png 399w, https:\/\/galenattachments.com\/wp-content\/uploads\/2020\/07\/bucket-crusher-brochure-211x300.png 211w\" sizes=\"auto, (max-width: 399px) 100vw, 399px\" \/><\/a><\/div><div class=\"w-separator size_large\"><\/div><\/div><\/div><\/div><div class=\"vc_col-sm-6 wpb_column vc_column_container\"><div class=\"vc_column-inner\"><div class=\"wpb_wrapper\"><div class=\"w-separator size_medium\"><\/div><div class=\"w-image align_center\"><a target=\"_blank\" rel=\"nofollow\" href=\"https:\/\/galenattachments.com\/BUCKET CRUSHER \u0130NG\u0130L\u0130ZCE KATALOG.PDF\" aria-label=\"bucket crusher\" class=\"w-image-h\"><img decoding=\"async\" width=\"394\" height=\"559\" src=\"https:\/\/galenattachments.com\/wp-content\/uploads\/2020\/10\/bucket-crusher-pdf.png\" class=\"attachment-large size-large\" alt=\"bucket crusher\" loading=\"lazy\" srcset=\"https:\/\/galenattachments.com\/wp-content\/uploads\/2020\/10\/bucket-crusher-pdf.png 394w, https:\/\/galenattachments.com\/wp-content\/uploads\/2020\/10\/bucket-crusher-pdf-211x300.png 211w\" sizes=\"auto, (max-width: 394px) 100vw, 394px\" \/><\/a><\/div><div class=\"w-separator size_large\"><\/div><\/div><\/div><\/div><\/div><\/div><\/section><section class=\"l-section wpb_row height_medium\" id=\"foto\"><div class=\"l-section-h i-cf\"><div class=\"g-cols vc_row via_flex valign_top type_default stacking_default\"><div class=\"vc_col-sm-3 wpb_column vc_column_container\"><div class=\"vc_column-inner\"><div class=\"wpb_wrapper\"><div class=\"w-ibanner us_custom_2979a8c2 has_text_color animation_aidos ratio_3x2 easing_easeInOutCirc\"><a target=\"_blank\" rel=\"nofollow\" href=\"https:\/\/galenattachments.com\/uj-200-bucket-crusher\/\" aria-label=\"UJ-200 Bucket Crusher\"><\/a><div class=\"w-ibanner-h\"><div class=\"w-ibanner-image\" style=\"background-image: url(https:\/\/galenattachments.com\/wp-content\/uploads\/2021\/12\/UJ-200-Bucket-Crusher-6-1024x1024.jpg)\"><\/div><div class=\"w-ibanner-content\"><div class=\"w-ibanner-content-h\"><h6 class=\"w-ibanner-title\">UJ-200 Bucket Crusher<\/h6><div class=\"w-ibanner-desc\"><\/div><\/div><\/div><\/div><\/div><\/div><\/div><\/div><div class=\"vc_col-sm-3 wpb_column vc_column_container\"><div class=\"vc_column-inner\"><div class=\"wpb_wrapper\"><div class=\"w-ibanner us_custom_2979a8c2 has_text_color animation_aidos ratio_3x2 easing_easeInOutCirc\"><a target=\"_blank\" rel=\"nofollow\" href=\"https:\/\/galenattachments.com\/uj300-bucket-crusher\/\" aria-label=\"UJ300 Bucket Crusher\"><\/a><div class=\"w-ibanner-h\"><div class=\"w-ibanner-image\" style=\"background-image: url(https:\/\/galenattachments.com\/wp-content\/uploads\/2022\/02\/UJ300-Bucket-Crusher-6-1024x1024.jpg)\"><\/div><div class=\"w-ibanner-content\"><div class=\"w-ibanner-content-h\"><h6 class=\"w-ibanner-title\">UJ300 Bucket Crusher<\/h6><div class=\"w-ibanner-desc\"><\/div><\/div><\/div><\/div><\/div><\/div><\/div><\/div><\/div><\/div><\/section><section class=\"l-section wpb_row height_medium\"><div class=\"l-section-h i-cf\"><div class=\"g-cols vc_row via_flex valign_top type_default stacking_default\"><div class=\"vc_col-sm-3 wpb_column vc_column_container\"><div class=\"vc_column-inner us_custom_7145ee37 us_animate_this\"><div class=\"wpb_wrapper\"><div class=\"w-ibanner us_custom_a10ddd82 has_text_color animation_phorcys ratio_3x2 easing_ease\"><a href=\"https:\/\/galenattachments.com\/demolition-boom\/\" aria-label=\"Demolition Boom Arm\"><\/a><div class=\"w-ibanner-h\"><div class=\"w-ibanner-image\" style=\"background-image: url(https:\/\/galenattachments.com\/wp-content\/uploads\/2023\/01\/komatsu-pc600-yikim-bom-armi-1.webp)\"><\/div><div class=\"w-ibanner-content\"><div class=\"w-ibanner-content-h\"><h3 class=\"w-ibanner-title\">Demolition Boom Arm<\/h3><div class=\"w-ibanner-desc\"><\/div><\/div><\/div><\/div><\/div><\/div><\/div><\/div><div class=\"vc_col-sm-3 wpb_column vc_column_container\"><div class=\"vc_column-inner us_custom_7145ee37 us_animate_this\"><div class=\"wpb_wrapper\"><div class=\"w-ibanner us_custom_2d937f4f has_text_color animation_phorcys ratio_3x2 easing_ease\"><a href=\"https:\/\/galenattachments.com\/pulverizer-attachment\/\" aria-label=\"Hydraulic Pulverizer\"><\/a><div class=\"w-ibanner-h\"><div class=\"w-ibanner-image\" style=\"background-image: url(https:\/\/galenattachments.com\/wp-content\/uploads\/2023\/05\/hydraulic-pulverizer-1-1024x768.jpg)\"><\/div><div class=\"w-ibanner-content\"><div class=\"w-ibanner-content-h\"><h3 class=\"w-ibanner-title\">Hydraulic Pulverizer<\/h3><div class=\"w-ibanner-desc\"><\/div><\/div><\/div><\/div><\/div><\/div><\/div><\/div><div class=\"vc_col-sm-3 wpb_column vc_column_container\"><div class=\"vc_column-inner us_custom_7145ee37 us_animate_this\"><div class=\"wpb_wrapper\"><div class=\"w-ibanner us_custom_e7c215f2 has_text_color animation_phorcys ratio_3x2 easing_ease\"><a href=\"https:\/\/galenattachments.com\/hydraulic-hammer\/\" aria-label=\"Hydraulic Hammer\"><\/a><div class=\"w-ibanner-h\"><div class=\"w-ibanner-image\" style=\"background-image: url(https:\/\/galenattachments.com\/wp-content\/uploads\/2023\/05\/hydraulic-hammer-6.jpg)\"><\/div><div class=\"w-ibanner-content\"><div class=\"w-ibanner-content-h\"><h3 class=\"w-ibanner-title\">Hydraulic Hammer<\/h3><div class=\"w-ibanner-desc\"><p>Recyling<\/p>\n<\/div><\/div><\/div><\/div><\/div><\/div><\/div><\/div><div class=\"vc_col-sm-3 wpb_column vc_column_container\"><div class=\"vc_column-inner us_custom_7145ee37 us_animate_this\"><div class=\"wpb_wrapper\"><div class=\"w-ibanner us_custom_e1b7d205 has_text_color animation_phorcys ratio_3x2 easing_ease\"><a href=\"https:\/\/galenattachments.com\/demolition-grapple\/\" aria-label=\"Demolition Grapple\"><\/a><div class=\"w-ibanner-h\"><div class=\"w-ibanner-image\" style=\"background-image: url(https:\/\/galenattachments.com\/wp-content\/uploads\/2022\/04\/Sorting-Grapple-Demolition-Grab-3-1024x1024.jpg)\"><\/div><div class=\"w-ibanner-content\"><div class=\"w-ibanner-content-h\"><h3 class=\"w-ibanner-title\">Demolition Grapple<\/h3><div class=\"w-ibanner-desc\"><\/div><\/div><\/div><\/div><\/div><\/div><\/div><\/div><\/div><\/div><\/section><section class=\"l-section wpb_row height_medium\"><div class=\"l-section-h i-cf\"><div class=\"g-cols vc_row via_flex valign_top type_default stacking_default\"><div class=\"vc_col-sm-12 wpb_column vc_column_container  has_bg_color has-link\"><div class=\"vc_column-inner us_custom_53dc6bab us_animate_this\"><div class=\"wpb_wrapper\"><div class=\"w-separator size_huge\"><\/div><div class=\"w-separator size_huge\"><\/div><\/div><\/div><a href=\"http:\/\/galengroup.com.tr\/a_En\/\" class=\"vc_column-link smooth-scroll\" aria-label=\"\u0421\u0441\u044b\u043b\u043a\u0430\" target=\"_blank\" rel=\"noopener\"><\/a><\/div><\/div><\/div><\/section>\n","protected":false},"excerpt":{"rendered":"Bucket Crusher Bucket Crusher The bucket crusher is an incredibly versatile attachment that has been specifically designed for the purpose of crushing and recycling materials directly at the job site. This innovative attachment is securely mounted onto an excavator, utilizing the excavator&#8217;s robust jaws to effectively crush a diverse range of materials. From concrete and...","protected":false},"author":1,"featured_media":5187,"parent":0,"menu_order":0,"comment_status":"closed","ping_status":"closed","template":"","meta":{"footnotes":""},"class_list":["post-6290","page","type-page","status-publish","has-post-thumbnail","hentry"],"amp_enabled":true,"_links":{"self":[{"href":"https:\/\/galenattachments.com\/ru\/wp-json\/wp\/v2\/pages\/6290","targetHints":{"allow":["GET"]}}],"collection":[{"href":"https:\/\/galenattachments.com\/ru\/wp-json\/wp\/v2\/pages"}],"about":[{"href":"https:\/\/galenattachments.com\/ru\/wp-json\/wp\/v2\/types\/page"}],"author":[{"embeddable":true,"href":"https:\/\/galenattachments.com\/ru\/wp-json\/wp\/v2\/users\/1"}],"replies":[{"embeddable":true,"href":"https:\/\/galenattachments.com\/ru\/wp-json\/wp\/v2\/comments?post=6290"}],"version-history":[{"count":36,"href":"https:\/\/galenattachments.com\/ru\/wp-json\/wp\/v2\/pages\/6290\/revisions"}],"predecessor-version":[{"id":14289,"href":"https:\/\/galenattachments.com\/ru\/wp-json\/wp\/v2\/pages\/6290\/revisions\/14289"}],"wp:featuredmedia":[{"embeddable":true,"href":"https:\/\/galenattachments.com\/ru\/wp-json\/wp\/v2\/media\/5187"}],"wp:attachment":[{"href":"https:\/\/galenattachments.com\/ru\/wp-json\/wp\/v2\/media?parent=6290"}],"curies":[{"name":"wp","href":"https:\/\/api.w.org\/{rel}","templated":true}]}}