{"id":6359,"date":"2020-06-16T06:37:17","date_gmt":"2020-06-16T06:37:17","guid":{"rendered":"https:\/\/galenattachments.com\/?page_id=6359"},"modified":"2022-12-06T11:35:18","modified_gmt":"2022-12-06T11:35:18","slug":"coal-bucket","status":"publish","type":"page","link":"https:\/\/galenattachments.com\/ru\/coal-bucket\/","title":{"rendered":"Coal Bucket"},"content":{"rendered":"<section class=\"l-section wpb_row us_custom_51e45d2f height_medium color_primary with_shape\"><div class=\"l-section-overlay\" style=\"background:#ffb90f\"><\/div><div class=\"l-section-shape type_triangle pos_bottom\" style=\"height:15vmin;\"><svg xmlns=\"http:\/\/www.w3.org\/2000\/svg\" viewBox=\"0 0 64 8\" preserveAspectRatio=\"none\" width=\"100%\" height=\"100%\">\r\n\t<path fill=\"currentColor\" d=\"M64 8 L0 8 L0 0 L32 7.9 L64 0 Z\"\/>\r\n<\/svg><\/div><div class=\"l-section-h i-cf\"><div class=\"g-cols vc_row via_flex valign_top type_default stacking_default\"><div class=\"vc_col-sm-12 wpb_column vc_column_container\"><div class=\"vc_column-inner\"><div class=\"wpb_wrapper\"><div class=\"wpb_text_column us_custom_4076faf9 has_text_color\"><div class=\"wpb_wrapper\"><h1 style=\"text-align: center;\">Coal Bucket<\/h1>\n<\/div><\/div><div class=\"w-separator size_small\"><\/div><\/div><\/div><\/div><\/div><\/div><\/section><section class=\"l-section wpb_row height_small\"><div class=\"l-section-h i-cf\"><div class=\"g-cols vc_row via_flex valign_middle type_default stacking_default\"><div class=\"vc_col-sm-3\/5 wpb_column vc_column_container\"><div class=\"vc_column-inner\"><div class=\"wpb_wrapper\"><div class=\"wpb_text_column\"><div class=\"wpb_wrapper\"><div class=\"wpb_text_column usb_custom_vc_column_text1 has_text_color\" data-=\"\">\n<div class=\"wpb_wrapper\">\n<div class=\"wpb_text_column us_custom_4076faf9 has_text_color\">\n<div class=\"wpb_wrapper\">\n<div class=\"wpb_text_column us_custom_4076faf9 has_text_color\">\n<div class=\"wpb_wrapper\">\n<div class=\"wpb_text_column us_custom_4076faf9 has_text_color\">\n<div class=\"wpb_wrapper\">\n<h3>Coal Bucket<\/h3>\n<\/div>\n<\/div>\n<\/div>\n<\/div>\n<\/div>\n<\/div>\n<\/div>\n<\/div>\n<\/div><\/div><div class=\"wpb_text_column\"><div class=\"wpb_wrapper\"><p id=\"tw-target-text\" class=\"tw-data-text tw-text-large tw-ta\" dir=\"ltr\" style=\"text-align: left;\" data-placeholder=\"\u00c7eviri\">Specifically designed and manufactured for use in applications where specific weight is lighter and high volume loading are required, such as coal and sawdust.Designed to process coal (or materials of the same density), Coal Bucket can increase production by 50% compared to standard buckets.To be efficient when working with coal, you need the right coal bucket. Coal Bucket are the right tool for the job.<\/p>\n<p dir=\"ltr\" data-placeholder=\"\u00c7eviri\">It is generally made of thin Hardox 400 material to lighten the weight of the bucket.It is specially designed for each bucket, loader and application. The widths and capacities are carefully coordinated to ensure optimum performance. Galen Coal Bucket have a slanted bottom design that provides smooth loading, lower base wear and proper strength to the loader. Equipped with bolted, replaceable skid shoes and bolted cutting edges as standard equipment.<\/p>\n<p dir=\"ltr\" data-placeholder=\"\u00c7eviri\">Flat cutting edges and lower segments are available as option.Increase load capacity by 20 to 50 percent!,Threaded or bolted cutting edges are available.Designed specifically for your loader &#8212; Maximize your loader&#8217;s material handling capability with Galen&#8217;s special bucket design.The curved bottom design reduces bottom and corner wear.Replaceable wear plates and approved cutting edges.<\/p>\n<\/div><\/div><\/div><\/div><\/div><div class=\"vc_col-sm-2\/5 wpb_column vc_column_container\"><div class=\"vc_column-inner\"><div class=\"wpb_wrapper\"><div class=\"w-slider style_none fit_scaledown nav_dots count_8\"><div class=\"w-slider-h\" aria-hidden=\"true\"><div class=\"royalSlider\"><div class=\"rsContent\"><a class=\"rsImg\" data-rsw=\"500\" data-rsh=\"375\" href=\"https:\/\/galenattachments.com\/wp-content\/uploads\/2020\/06\/k\u00f6m\u00fcr-kovas\u0131-3.jpg\"><span data-alt=\"Coal Bucket Loader\"><\/span><\/a><\/div><div class=\"rsContent\"><a class=\"rsImg\" data-rsw=\"500\" data-rsh=\"281\" href=\"https:\/\/galenattachments.com\/wp-content\/uploads\/2020\/06\/k\u00f6m\u00fcr-kovas\u0131-4.jpg\"><span data-alt=\"Coal Bucket Loader\"><\/span><\/a><\/div><div class=\"rsContent\"><a class=\"rsImg\" data-rsw=\"500\" data-rsh=\"375\" href=\"https:\/\/galenattachments.com\/wp-content\/uploads\/2020\/06\/k\u00f6m\u00fcr-kovas\u0131-7.jpg\"><span data-alt=\"Coal Bucket Loader\"><\/span><\/a><\/div><div class=\"rsContent\"><a class=\"rsImg\" data-rsw=\"500\" data-rsh=\"375\" href=\"https:\/\/galenattachments.com\/wp-content\/uploads\/2020\/06\/k\u00f6m\u00fcr-kovas\u0131-11.jpg\"><span data-alt=\"Coal Bucket Loader\"><\/span><\/a><\/div><div class=\"rsContent\"><a class=\"rsImg\" data-rsw=\"500\" data-rsh=\"333\" href=\"https:\/\/galenattachments.com\/wp-content\/uploads\/2020\/05\/komur2B.jpg\"><span data-alt=\"Coal Bucket Loader\"><\/span><\/a><\/div><div class=\"rsContent\"><a class=\"rsImg\" data-rsw=\"500\" data-rsh=\"375\" href=\"https:\/\/galenattachments.com\/wp-content\/uploads\/2020\/06\/k\u00f6m\u00fcr-kovas\u0131-9.jpg\"><span data-alt=\"Coal Bucket Loader\"><\/span><\/a><\/div><div class=\"rsContent\"><a class=\"rsImg\" data-rsw=\"350\" data-rsh=\"230\" href=\"https:\/\/galenattachments.com\/wp-content\/uploads\/2020\/05\/komur2.jpg\"><span data-alt=\"Coal Bucket Loader\"><\/span><\/a><\/div><div class=\"rsContent\"><a class=\"rsImg\" data-rsw=\"500\" data-rsh=\"333\" href=\"https:\/\/galenattachments.com\/wp-content\/uploads\/2020\/05\/komurB.jpg\"><span data-alt=\"Coal Bucket Loader\"><\/span><\/a><\/div><\/div><img decoding=\"async\" src=\"https:\/\/galenattachments.com\/wp-content\/uploads\/2020\/06\/k\u00f6m\u00fcr-kovas\u0131-3.jpg\" width=\"500\" height=\"375\" alt=\"Coal Bucket Loader\" loading=\"lazy\"><\/div><div class=\"w-slider-json\" onclick='return {&quot;autoScaleSlider&quot;:true,&quot;addActiveClass&quot;:true,&quot;loop&quot;:true,&quot;fadeInLoadedSlide&quot;:false,&quot;slidesSpacing&quot;:0,&quot;imageScalePadding&quot;:0,&quot;numImagesToPreload&quot;:2,&quot;arrowsNav&quot;:true,&quot;arrowsNavAutoHide&quot;:false,&quot;transitionType&quot;:&quot;move&quot;,&quot;transitionSpeed&quot;:250,&quot;block&quot;:{&quot;moveEffect&quot;:&quot;none&quot;,&quot;speed&quot;:300},&quot;thumbs&quot;:{&quot;fitInViewport&quot;:false,&quot;firstMargin&quot;:false,&quot;spacing&quot;:4},&quot;controlNavigation&quot;:&quot;bullets&quot;,&quot;autoScaleSliderWidth&quot;:500,&quot;autoScaleSliderHeight&quot;:375}'><\/div><\/div><\/div><\/div><\/div><\/div><\/div><\/section><section class=\"l-section wpb_row height_medium with_shape\"><div class=\"l-section-overlay\" style=\"background:#ffb90f\"><\/div><div class=\"l-section-shape type_wave pos_top\" style=\"height:15vmin;\"><svg xmlns=\"http:\/\/www.w3.org\/2000\/svg\" viewBox=\"0 4 64 4\" preserveAspectRatio=\"none\" width=\"100%\" height=\"100%\">\r\n\t<path fill=\"currentColor\" d=\"M64 6 C32 0 32 12 0 6 L0 8 L64 8 Z\"\/>\r\n<\/svg><\/div><div class=\"l-section-shape type_wave pos_bottom\" style=\"height:15vmin;\"><svg xmlns=\"http:\/\/www.w3.org\/2000\/svg\" viewBox=\"0 4 64 4\" preserveAspectRatio=\"none\" width=\"100%\" height=\"100%\">\r\n\t<path fill=\"currentColor\" d=\"M64 6 C32 0 32 12 0 6 L0 8 L64 8 Z\"\/>\r\n<\/svg><\/div><div class=\"l-section-h i-cf\"><div class=\"g-cols vc_row via_flex valign_top type_default stacking_default\"><div class=\"vc_col-sm-12 wpb_column vc_column_container\"><div class=\"vc_column-inner us_custom_7145ee37 us_animate_this\"><div class=\"wpb_wrapper\"><div class=\"w-separator size_medium\"><\/div><div class=\"wpb_text_column\"><div class=\"wpb_wrapper\"><p>The coal bucket comes in the style of digging or loading. Pickaxe style to dig directly from the coal seam. Configuration:<\/p>\n<ul>\n<li style=\"list-style-type: none;\">\n<ul>\n<li>Flat or modified paddle lip<\/li>\n<li>Adapter options<\/li>\n<li>Welded flush mounting<\/li>\n<li>Two legs wrap around<\/li>\n<li>Light density material such as coal is produced to increase the transport efficiency.<\/li>\n<li>The combination of the straight edge and dozer blade shape allows for the maximum filling rate of the bucket.<\/li>\n<li>Replaceable wear parts increase durability and extend working life.<\/li>\n<\/ul>\n<\/li>\n<\/ul>\n<\/div><\/div><div class=\"w-separator size_medium\"><\/div><\/div><\/div><\/div><\/div><\/div><\/section><section class=\"l-section wpb_row height_medium\"><div class=\"l-section-h i-cf\"><div class=\"g-cols vc_row via_flex valign_top type_default stacking_default\"><div class=\"vc_col-sm-3 wpb_column vc_column_container\"><div class=\"vc_column-inner us_custom_7145ee37 us_animate_this\"><div class=\"wpb_wrapper\"><div class=\"w-ibanner us_custom_c605a9d5 has_text_color animation_phorcys ratio_3x2 easing_ease\"><a href=\"https:\/\/galenattachments.com\/high-dump-bucket\/\" aria-label=\"High Dump Bucket\"><\/a><div class=\"w-ibanner-h\"><div class=\"w-ibanner-image\" style=\"background-image: url(https:\/\/galenattachments.com\/wp-content\/uploads\/2020\/05\/yDokumKovaB.jpg)\"><\/div><div class=\"w-ibanner-content\"><div class=\"w-ibanner-content-h\"><h3 class=\"w-ibanner-title\">High Dump Bucket<\/h3><div class=\"w-ibanner-desc\"><p>Loader Bucket<\/p>\n<\/div><\/div><\/div><\/div><\/div><\/div><\/div><\/div><div class=\"vc_col-sm-3 wpb_column vc_column_container\"><div class=\"vc_column-inner us_custom_7145ee37 us_animate_this\"><div class=\"wpb_wrapper\"><div class=\"w-ibanner us_custom_2a3d1a18 has_text_color animation_phorcys ratio_3x2 easing_ease\"><a href=\"https:\/\/galenattachments.com\/tilting-bucket\/\" aria-label=\"Tilting Bucket\"><\/a><div class=\"w-ibanner-h\"><div class=\"w-ibanner-image\" style=\"background-image: url(https:\/\/galenattachments.com\/wp-content\/uploads\/2020\/06\/Tilting-Bucket-loader-2.jpg)\"><\/div><div class=\"w-ibanner-content\"><div class=\"w-ibanner-content-h\"><h3 class=\"w-ibanner-title\">Tilting Bucket<\/h3><div class=\"w-ibanner-desc\"><p>Loader Bucket<\/p>\n<\/div><\/div><\/div><\/div><\/div><\/div><\/div><\/div><div class=\"vc_col-sm-3 wpb_column vc_column_container\"><div class=\"vc_column-inner us_custom_7145ee37 us_animate_this\"><div class=\"wpb_wrapper\"><div class=\"w-ibanner us_custom_ad48e82b has_text_color animation_phorcys ratio_3x2 easing_ease\"><a href=\"https:\/\/galenattachments.com\/grinder-bucket\/\" aria-label=\"Grinder Bucket\"><\/a><div class=\"w-ibanner-h\"><div class=\"w-ibanner-image\" style=\"background-image: url(https:\/\/galenattachments.com\/wp-content\/uploads\/2020\/05\/9b21b28e-f3ae-4261-a946-8310d9e946e1.jpg)\"><\/div><div class=\"w-ibanner-content\"><div class=\"w-ibanner-content-h\"><h3 class=\"w-ibanner-title\">Grinder Bucket<\/h3><div class=\"w-ibanner-desc\"><p>Loader Bucket<\/p>\n<\/div><\/div><\/div><\/div><\/div><\/div><\/div><\/div><div class=\"vc_col-sm-3 wpb_column vc_column_container\"><div class=\"vc_column-inner us_custom_7145ee37 us_animate_this\"><div class=\"wpb_wrapper\"><div class=\"w-ibanner us_custom_b15aed28 has_text_color animation_phorcys ratio_3x2 easing_ease\"><a href=\"https:\/\/galenattachments.com\/rock-bucket\/\" aria-label=\"Rock Bucket\"><\/a><div class=\"w-ibanner-h\"><div class=\"w-ibanner-image\" style=\"background-image: url(https:\/\/galenattachments.com\/wp-content\/uploads\/2020\/05\/kayaK2.jpg)\"><\/div><div class=\"w-ibanner-content\"><div class=\"w-ibanner-content-h\"><h3 class=\"w-ibanner-title\">Rock Bucket<\/h3><div class=\"w-ibanner-desc\"><p>Loader Bucket<\/p>\n<\/div><\/div><\/div><\/div><\/div><\/div><\/div><\/div><div class=\"vc_col-sm-3 wpb_column vc_column_container\"><div class=\"vc_column-inner us_custom_7145ee37 us_animate_this\"><div class=\"wpb_wrapper\"><div class=\"w-separator size_small\"><\/div><div class=\"w-ibanner us_custom_ad48e82b has_text_color animation_phorcys ratio_3x2 easing_ease\"><a href=\"https:\/\/galenattachments.com\/standart-buckets\/\" aria-label=\"Standart Buckets\"><\/a><div class=\"w-ibanner-h\"><div class=\"w-ibanner-image\" style=\"background-image: url(https:\/\/galenattachments.com\/wp-content\/uploads\/2020\/05\/cat-980-3.jpg)\"><\/div><div class=\"w-ibanner-content\"><div class=\"w-ibanner-content-h\"><h3 class=\"w-ibanner-title\">Standart Buckets<\/h3><div class=\"w-ibanner-desc\"><p>Loader Bucket<\/p>\n<\/div><\/div><\/div><\/div><\/div><\/div><\/div><\/div><div class=\"vc_col-sm-3 wpb_column vc_column_container\"><div class=\"vc_column-inner us_custom_7145ee37 us_animate_this\"><div class=\"wpb_wrapper\"><div class=\"w-separator size_small\"><\/div><div class=\"w-ibanner us_custom_c605a9d5 has_text_color animation_phorcys ratio_3x2 easing_ease\"><a href=\"https:\/\/galenattachments.com\/4-in-1-bucket\/\" aria-label=\"4 in 1 Bucket\"><\/a><div class=\"w-ibanner-h\"><div class=\"w-ibanner-image\" style=\"background-image: url(https:\/\/galenattachments.com\/wp-content\/uploads\/2020\/05\/acKapa2.jpg)\"><\/div><div class=\"w-ibanner-content\"><div class=\"w-ibanner-content-h\"><h3 class=\"w-ibanner-title\">4 in 1 Bucket<\/h3><div class=\"w-ibanner-desc\"><p>Loader Bucket<\/p>\n<\/div><\/div><\/div><\/div><\/div><\/div><\/div><\/div><div class=\"vc_col-sm-3 wpb_column vc_column_container\"><div class=\"vc_column-inner us_custom_7145ee37 us_animate_this\"><div class=\"wpb_wrapper\"><div class=\"w-separator size_small\"><\/div><div class=\"w-ibanner us_custom_ad48e82b has_text_color animation_phorcys ratio_3x2 easing_ease\"><a href=\"https:\/\/galenattachments.com\/push-blade-bucket\/\" aria-label=\"Push Blade Bucket\"><\/a><div class=\"w-ibanner-h\"><div class=\"w-ibanner-image\" style=\"background-image: url(https:\/\/galenattachments.com\/wp-content\/uploads\/2020\/09\/push-blade-bucket-1024x768.jpg)\"><\/div><div class=\"w-ibanner-content\"><div class=\"w-ibanner-content-h\"><h3 class=\"w-ibanner-title\">Push Blade Bucket<\/h3><div class=\"w-ibanner-desc\"><p>Loader Bucket<\/p>\n<\/div><\/div><\/div><\/div><\/div><\/div><\/div><\/div><\/div><\/div><\/section>\n","protected":false},"excerpt":{"rendered":"Coal Bucket Coal Bucket Specifically designed and manufactured for use in applications where specific weight is lighter and high volume loading are required, such as coal and sawdust.Designed to process coal (or materials of the same density), Coal Bucket can increase production by 50% compared to standard buckets.To be efficient when working with coal, you...","protected":false},"author":1,"featured_media":0,"parent":0,"menu_order":0,"comment_status":"closed","ping_status":"closed","template":"","meta":{"footnotes":""},"class_list":["post-6359","page","type-page","status-publish","hentry"],"amp_enabled":true,"_links":{"self":[{"href":"https:\/\/galenattachments.com\/ru\/wp-json\/wp\/v2\/pages\/6359","targetHints":{"allow":["GET"]}}],"collection":[{"href":"https:\/\/galenattachments.com\/ru\/wp-json\/wp\/v2\/pages"}],"about":[{"href":"https:\/\/galenattachments.com\/ru\/wp-json\/wp\/v2\/types\/page"}],"author":[{"embeddable":true,"href":"https:\/\/galenattachments.com\/ru\/wp-json\/wp\/v2\/users\/1"}],"replies":[{"embeddable":true,"href":"https:\/\/galenattachments.com\/ru\/wp-json\/wp\/v2\/comments?post=6359"}],"version-history":[{"count":17,"href":"https:\/\/galenattachments.com\/ru\/wp-json\/wp\/v2\/pages\/6359\/revisions"}],"predecessor-version":[{"id":13114,"href":"https:\/\/galenattachments.com\/ru\/wp-json\/wp\/v2\/pages\/6359\/revisions\/13114"}],"wp:attachment":[{"href":"https:\/\/galenattachments.com\/ru\/wp-json\/wp\/v2\/media?parent=6359"}],"curies":[{"name":"wp","href":"https:\/\/api.w.org\/{rel}","templated":true}]}}