{"id":7684,"date":"2020-07-20T08:24:54","date_gmt":"2020-07-20T08:24:54","guid":{"rendered":"https:\/\/galenattachments.com\/?page_id=7684"},"modified":"2025-12-30T08:05:44","modified_gmt":"2025-12-30T08:05:44","slug":"snow-blade-attachment","status":"publish","type":"page","link":"https:\/\/galenattachments.com\/ru\/snow-blade-attachment\/","title":{"rendered":"Snow Blade"},"content":{"rendered":"<section class=\"l-section wpb_row us_custom_51e45d2f height_medium color_primary with_shape\"><div class=\"l-section-overlay\" style=\"background:#ffb90f\"><\/div><div class=\"l-section-shape type_triangle pos_bottom\" style=\"height:15vmin;\"><svg xmlns=\"http:\/\/www.w3.org\/2000\/svg\" viewBox=\"0 0 64 8\" preserveAspectRatio=\"none\" width=\"100%\" height=\"100%\">\r\n\t<path fill=\"currentColor\" d=\"M64 8 L0 8 L0 0 L32 7.9 L64 0 Z\"\/>\r\n<\/svg><\/div><div class=\"l-section-h i-cf\"><div class=\"g-cols vc_row via_flex valign_top type_default stacking_default\"><div class=\"vc_col-sm-12 wpb_column vc_column_container\"><div class=\"vc_column-inner us_custom_3683a75f us_animate_this\"><div class=\"wpb_wrapper\"><div class=\"wpb_text_column us_custom_4076faf9 has_text_color\"><div class=\"wpb_wrapper\"><h1 style=\"text-align: center;\">Snow Blade<\/h1>\n<\/div><\/div><div class=\"w-separator size_small\"><\/div><div class=\"w-iconbox iconpos_top style_default color_custom align_center no_text no_title\"><a href=\"https:\/\/galenattachments.com\/snow-blade-attachment\/#anlatma\" class=\"w-iconbox-link\" aria-label=\"far|chevron-down\"><div class=\"w-iconbox-icon\" style=\"font-size:3rem;--icon-color:#000000;\"><i class=\"far fa-chevron-down\"><\/i><\/div><\/a><div class=\"w-iconbox-meta\"><\/div><\/div><div class=\"w-separator size_medium\"><\/div><\/div><\/div><\/div><\/div><\/div><\/section><section class=\"l-section wpb_row height_medium\" id=\"anlatma\"><div class=\"l-section-h i-cf\"><div class=\"g-cols vc_row via_flex valign_top type_default stacking_default\"><div class=\"vc_col-sm-4 wpb_column vc_column_container\"><div class=\"vc_column-inner\"><div class=\"wpb_wrapper\"><div class=\"w-flipbox animation_cubetilt direction_n\"><div class=\"w-flipbox-h easing_easeInOutCirc\" style=\"transition-duration:0.4s;\"><div class=\"w-flipbox-hh\"><div class=\"w-flipbox-front us_custom_4b7c0ab9\" style=\"background:#7049ba;background-image:url(https:\/\/galenattachments.com\/wp-content\/uploads\/2020\/05\/DSCN174644-2.jpg);\"><div class=\"w-flipbox-front-h\"><\/div><\/div><div class=\"w-flipbox-back us_custom_4b7c0ab9\" style=\"display:none;background:#ffb90f;color:#000000;\"><div class=\"w-flipbox-back-h\"><div class=\"w-flipbox-back-desc\"><p>Galen Group Snow Removal Attachments \/ Snow Plough<\/p>\n<\/div><\/div><\/div><\/div><\/div><\/div><\/div><\/div><\/div><div class=\"vc_col-sm-4 wpb_column vc_column_container\"><div class=\"vc_column-inner\"><div class=\"wpb_wrapper\"><div class=\"w-flipbox animation_cubetilt direction_n\"><div class=\"w-flipbox-h easing_ease\" style=\"transition-duration:0.4s;\"><div class=\"w-flipbox-hh\"><div class=\"w-flipbox-front us_custom_4b7c0ab9\" style=\"background:#7049ba;background-image:url(https:\/\/galenattachments.com\/wp-content\/uploads\/2020\/05\/KAR-K\u00dcREME-2-1024x768.jpg);\"><div class=\"w-flipbox-front-h\"><\/div><\/div><div class=\"w-flipbox-back us_custom_4b7c0ab9\" style=\"display:none;background:#ffb90f;color:#000000;\"><div class=\"w-flipbox-back-h\"><div class=\"w-flipbox-back-desc\"><p>The desired brand and model can be designed and produced in suitable dimensions in the direction of loader (backhoe loader), backhoe loader, skid steer loader and van or customer request.<\/p>\n<\/div><\/div><\/div><\/div><\/div><\/div><\/div><\/div><\/div><div class=\"vc_col-sm-4 wpb_column vc_column_container\"><div class=\"vc_column-inner\"><div class=\"wpb_wrapper\"><div class=\"w-flipbox animation_cubetilt direction_n\"><div class=\"w-flipbox-h easing_ease\" style=\"transition-duration:0.4s;\"><div class=\"w-flipbox-hh\"><div class=\"w-flipbox-front us_custom_4b7c0ab9\" style=\"background:#7049ba;background-image:url(https:\/\/galenattachments.com\/wp-content\/uploads\/2020\/05\/kar-k\u00fcreme-kar-b\u0131\u00e7a\u011f\u0131-kar-k\u00fcreme-ata\u015fman\u0131-2-1024x614.jpg);\"><div class=\"w-flipbox-front-h\"><\/div><\/div><div class=\"w-flipbox-back us_custom_4b7c0ab9\" style=\"display:none;background:#ffb90f;color:#000000;\"><div class=\"w-flipbox-back-h\"><div class=\"w-flipbox-back-desc\"><p>Galen Group Snow Removal Attachments \/Snow Plough<\/p>\n<\/div><\/div><\/div><\/div><\/div><\/div><\/div><\/div><\/div><div class=\"vc_col-sm-12 wpb_column vc_column_container\"><div class=\"vc_column-inner\"><div class=\"wpb_wrapper\"><div class=\"w-separator size_small\"><\/div><div class=\"w-iconbox iconpos_top style_default color_custom align_center no_text no_title\"><a href=\"https:\/\/galenattachments.com\/snow-blade-attachment\/#foto\" class=\"w-iconbox-link\" aria-label=\"far|chevron-down\"><div class=\"w-iconbox-icon\" style=\"font-size:3rem;--icon-color:#000000;\"><i class=\"far fa-chevron-down\"><\/i><\/div><\/a><div class=\"w-iconbox-meta\"><\/div><\/div><\/div><\/div><\/div><\/div><\/div><\/section><section class=\"l-section wpb_row height_medium\"><div class=\"l-section-h i-cf\"><div class=\"g-cols vc_row via_flex valign_top type_default stacking_default\"><div class=\"vc_col-sm-6 wpb_column vc_column_container\"><div class=\"vc_column-inner\"><div class=\"wpb_wrapper\"><div class=\"w-video align_none ratio_16x9 has_iframe\"><div class=\"w-video-h\"><iframe title=\"Youtube video player\" src=\"\/\/www.youtube.com\/embed\/YDr1E_iyUuo?autoplay=0&controls=1&origin=https:\/\/galenattachments.com\/ru&loop=0&mute=0\" allowfullscreen=\"1\" loading=\"lazy\"><\/iframe><\/div><\/div><\/div><\/div><\/div><div class=\"vc_col-sm-6 wpb_column vc_column_container\"><div class=\"vc_column-inner\"><div class=\"wpb_wrapper\"><div class=\"w-video align_none ratio_16x9\"><div class=\"w-video-h\"><iframe loading=\"lazy\" title=\"Hitachi ZW310 Snow Blade | Galen Group\" width=\"203\" height=\"360\" src=\"https:\/\/www.youtube.com\/embed\/wMqrj2PUoF8?feature=oembed\" frameborder=\"0\" allow=\"accelerometer; autoplay; clipboard-write; encrypted-media; gyroscope; picture-in-picture; web-share\" referrerpolicy=\"strict-origin-when-cross-origin\" allowfullscreen><\/iframe><\/div><\/div><\/div><\/div><\/div><\/div><\/div><\/section><section class=\"l-section wpb_row height_medium\" id=\"foto\"><div class=\"l-section-h i-cf\"><div class=\"g-cols vc_row via_flex valign_top type_default stacking_default\"><div class=\"vc_col-sm-12 wpb_column vc_column_container\"><div class=\"vc_column-inner us_custom_bbc13355 us_animate_this\"><div class=\"wpb_wrapper\"><div class=\"wpb_text_column\"><div class=\"wpb_wrapper\"><h2 style=\"text-align: center;\">Photo Gallery<\/h2>\n<\/div><\/div><div class=\"w-separator size_medium\"><\/div><div class=\"w-grid us_grid type_grid layout_gallery_default cols_3 preload_style_spinner\" id=\"us_grid_1\" style=\"--columns:3;--gap:1.5rem;\" data-filterable=\"true\"><style>@media (max-width:1024px){#us_grid_1{--columns:2!important}}@media (max-width:600px){#us_grid_1{--columns:1!important}}.layout_gallery_default .w-grid-item-h{}<\/style><div class=\"w-grid-list\">\t<article class=\"w-grid-item size_1x1 post-15486 attachment type-attachment status-inherit hentry\" data-id=\"15486\">\r\n\t\t<div class=\"w-grid-item-h\">\r\n\t\t\t\t\t\t<div class=\"w-post-elm post_image usg_post_image_1 stretched\"><img loading=\"lazy\" decoding=\"async\" width=\"1024\" height=\"683\" src=\"https:\/\/galenattachments.com\/wp-content\/uploads\/2025\/12\/traktor-kar-bicagi-4-1024x683.jpg\" class=\"attachment-large size-large\" alt=\"\" srcset=\"https:\/\/galenattachments.com\/wp-content\/uploads\/2025\/12\/traktor-kar-bicagi-4-1024x683.jpg 1024w, https:\/\/galenattachments.com\/wp-content\/uploads\/2025\/12\/traktor-kar-bicagi-4-300x200.jpg 300w, https:\/\/galenattachments.com\/wp-content\/uploads\/2025\/12\/traktor-kar-bicagi-4.jpg 1200w\" sizes=\"auto, (max-width: 1024px) 100vw, 1024px\" \/><\/div>\t\t<\/div>\r\n\t\t\t<\/article>\r\n\t<article class=\"w-grid-item size_1x1 post-15485 attachment type-attachment status-inherit hentry\" data-id=\"15485\">\r\n\t\t<div class=\"w-grid-item-h\">\r\n\t\t\t\t\t\t<div class=\"w-post-elm post_image usg_post_image_1 stretched\"><img loading=\"lazy\" decoding=\"async\" width=\"1024\" height=\"683\" src=\"https:\/\/galenattachments.com\/wp-content\/uploads\/2025\/12\/traktor-kar-bicagi-3-1024x683.jpg\" class=\"attachment-large size-large\" alt=\"\" srcset=\"https:\/\/galenattachments.com\/wp-content\/uploads\/2025\/12\/traktor-kar-bicagi-3-1024x683.jpg 1024w, https:\/\/galenattachments.com\/wp-content\/uploads\/2025\/12\/traktor-kar-bicagi-3-300x200.jpg 300w, https:\/\/galenattachments.com\/wp-content\/uploads\/2025\/12\/traktor-kar-bicagi-3.jpg 1200w\" sizes=\"auto, (max-width: 1024px) 100vw, 1024px\" \/><\/div>\t\t<\/div>\r\n\t\t\t<\/article>\r\n\t<article class=\"w-grid-item size_1x1 post-15484 attachment type-attachment status-inherit hentry\" data-id=\"15484\">\r\n\t\t<div class=\"w-grid-item-h\">\r\n\t\t\t\t\t\t<div class=\"w-post-elm post_image usg_post_image_1 stretched\"><img loading=\"lazy\" decoding=\"async\" width=\"1024\" height=\"683\" src=\"https:\/\/galenattachments.com\/wp-content\/uploads\/2025\/12\/traktor-kar-bicagi-2-1024x683.jpg\" class=\"attachment-large size-large\" alt=\"\" srcset=\"https:\/\/galenattachments.com\/wp-content\/uploads\/2025\/12\/traktor-kar-bicagi-2-1024x683.jpg 1024w, https:\/\/galenattachments.com\/wp-content\/uploads\/2025\/12\/traktor-kar-bicagi-2-300x200.jpg 300w, https:\/\/galenattachments.com\/wp-content\/uploads\/2025\/12\/traktor-kar-bicagi-2.jpg 1200w\" sizes=\"auto, (max-width: 1024px) 100vw, 1024px\" \/><\/div>\t\t<\/div>\r\n\t\t\t<\/article>\r\n\t<article class=\"w-grid-item size_1x1 post-15481 attachment type-attachment status-inherit hentry\" data-id=\"15481\">\r\n\t\t<div class=\"w-grid-item-h\">\r\n\t\t\t\t\t\t<div class=\"w-post-elm post_image usg_post_image_1 stretched\"><img loading=\"lazy\" decoding=\"async\" width=\"1024\" height=\"683\" src=\"https:\/\/galenattachments.com\/wp-content\/uploads\/2025\/12\/kar_bicagi_2-1024x683.jpg\" class=\"attachment-large size-large\" alt=\"\" srcset=\"https:\/\/galenattachments.com\/wp-content\/uploads\/2025\/12\/kar_bicagi_2-1024x683.jpg 1024w, https:\/\/galenattachments.com\/wp-content\/uploads\/2025\/12\/kar_bicagi_2-300x200.jpg 300w, https:\/\/galenattachments.com\/wp-content\/uploads\/2025\/12\/kar_bicagi_2.jpg 1200w\" sizes=\"auto, (max-width: 1024px) 100vw, 1024px\" \/><\/div>\t\t<\/div>\r\n\t\t\t<\/article>\r\n\t<article class=\"w-grid-item size_1x1 post-15480 attachment type-attachment status-inherit hentry\" data-id=\"15480\">\r\n\t\t<div class=\"w-grid-item-h\">\r\n\t\t\t\t\t\t<div class=\"w-post-elm post_image usg_post_image_1 stretched\"><img loading=\"lazy\" decoding=\"async\" width=\"1024\" height=\"683\" src=\"https:\/\/galenattachments.com\/wp-content\/uploads\/2025\/12\/kar_bicagi_1-1024x683.jpg\" class=\"attachment-large size-large\" alt=\"\" srcset=\"https:\/\/galenattachments.com\/wp-content\/uploads\/2025\/12\/kar_bicagi_1-1024x683.jpg 1024w, https:\/\/galenattachments.com\/wp-content\/uploads\/2025\/12\/kar_bicagi_1-300x200.jpg 300w, https:\/\/galenattachments.com\/wp-content\/uploads\/2025\/12\/kar_bicagi_1.jpg 1200w\" sizes=\"auto, (max-width: 1024px) 100vw, 1024px\" \/><\/div>\t\t<\/div>\r\n\t\t\t<\/article>\r\n\t<article class=\"w-grid-item size_1x1 post-15479 attachment type-attachment status-inherit hentry\" data-id=\"15479\">\r\n\t\t<div class=\"w-grid-item-h\">\r\n\t\t\t\t\t\t<div class=\"w-post-elm post_image usg_post_image_1 stretched\"><img loading=\"lazy\" decoding=\"async\" width=\"1024\" height=\"683\" src=\"https:\/\/galenattachments.com\/wp-content\/uploads\/2025\/12\/kar_bicagi_3-1024x683.jpg\" class=\"attachment-large size-large\" alt=\"\" srcset=\"https:\/\/galenattachments.com\/wp-content\/uploads\/2025\/12\/kar_bicagi_3-1024x683.jpg 1024w, https:\/\/galenattachments.com\/wp-content\/uploads\/2025\/12\/kar_bicagi_3-300x200.jpg 300w, https:\/\/galenattachments.com\/wp-content\/uploads\/2025\/12\/kar_bicagi_3.jpg 1200w\" sizes=\"auto, (max-width: 1024px) 100vw, 1024px\" \/><\/div>\t\t<\/div>\r\n\t\t\t<\/article>\r\n\t<article class=\"w-grid-item size_1x1 post-14812 attachment type-attachment status-inherit hentry\" data-id=\"14812\">\r\n\t\t<div class=\"w-grid-item-h\">\r\n\t\t\t\t\t\t<div class=\"w-post-elm post_image usg_post_image_1 stretched\"><img loading=\"lazy\" decoding=\"async\" width=\"1024\" height=\"683\" src=\"https:\/\/galenattachments.com\/wp-content\/uploads\/2025\/02\/kar-bicagi-6-1024x683.jpg\" class=\"attachment-large size-large\" alt=\"\" srcset=\"https:\/\/galenattachments.com\/wp-content\/uploads\/2025\/02\/kar-bicagi-6-1024x683.jpg 1024w, https:\/\/galenattachments.com\/wp-content\/uploads\/2025\/02\/kar-bicagi-6-300x200.jpg 300w, https:\/\/galenattachments.com\/wp-content\/uploads\/2025\/02\/kar-bicagi-6.jpg 1200w\" sizes=\"auto, (max-width: 1024px) 100vw, 1024px\" \/><\/div>\t\t<\/div>\r\n\t\t\t<\/article>\r\n\t<article class=\"w-grid-item size_1x1 post-14811 attachment type-attachment status-inherit hentry\" data-id=\"14811\">\r\n\t\t<div class=\"w-grid-item-h\">\r\n\t\t\t\t\t\t<div class=\"w-post-elm post_image usg_post_image_1 stretched\"><img loading=\"lazy\" decoding=\"async\" width=\"1024\" height=\"683\" src=\"https:\/\/galenattachments.com\/wp-content\/uploads\/2025\/02\/kar-bicagi-5-1024x683.jpg\" class=\"attachment-large size-large\" alt=\"\" srcset=\"https:\/\/galenattachments.com\/wp-content\/uploads\/2025\/02\/kar-bicagi-5-1024x683.jpg 1024w, https:\/\/galenattachments.com\/wp-content\/uploads\/2025\/02\/kar-bicagi-5-300x200.jpg 300w, https:\/\/galenattachments.com\/wp-content\/uploads\/2025\/02\/kar-bicagi-5.jpg 1200w\" sizes=\"auto, (max-width: 1024px) 100vw, 1024px\" \/><\/div>\t\t<\/div>\r\n\t\t\t<\/article>\r\n\t<article class=\"w-grid-item size_1x1 post-14809 attachment type-attachment status-inherit hentry\" data-id=\"14809\">\r\n\t\t<div class=\"w-grid-item-h\">\r\n\t\t\t\t\t\t<div class=\"w-post-elm post_image usg_post_image_1 stretched\"><img loading=\"lazy\" decoding=\"async\" width=\"1024\" height=\"683\" src=\"https:\/\/galenattachments.com\/wp-content\/uploads\/2025\/02\/kar-bicagi-1-1024x683.jpg\" class=\"attachment-large size-large\" alt=\"\" srcset=\"https:\/\/galenattachments.com\/wp-content\/uploads\/2025\/02\/kar-bicagi-1-1024x683.jpg 1024w, https:\/\/galenattachments.com\/wp-content\/uploads\/2025\/02\/kar-bicagi-1-300x200.jpg 300w, https:\/\/galenattachments.com\/wp-content\/uploads\/2025\/02\/kar-bicagi-1.jpg 1200w\" sizes=\"auto, (max-width: 1024px) 100vw, 1024px\" \/><\/div>\t\t<\/div>\r\n\t\t\t<\/article>\r\n\t<article class=\"w-grid-item size_1x1 post-8198 attachment type-attachment status-inherit hentry\" data-id=\"8198\">\r\n\t\t<div class=\"w-grid-item-h\">\r\n\t\t\t\t\t\t<div class=\"w-post-elm post_image usg_post_image_1 stretched\"><img loading=\"lazy\" decoding=\"async\" width=\"1024\" height=\"768\" src=\"https:\/\/galenattachments.com\/wp-content\/uploads\/2021\/02\/snow-blade-for-excavator-truck-1024x768.jpg\" class=\"attachment-large size-large\" alt=\"snow blade for excavator truck\" srcset=\"https:\/\/galenattachments.com\/wp-content\/uploads\/2021\/02\/snow-blade-for-excavator-truck-1024x768.jpg 1024w, https:\/\/galenattachments.com\/wp-content\/uploads\/2021\/02\/snow-blade-for-excavator-truck-300x225.jpg 300w, https:\/\/galenattachments.com\/wp-content\/uploads\/2021\/02\/snow-blade-for-excavator-truck.jpg 1500w\" sizes=\"auto, (max-width: 1024px) 100vw, 1024px\" \/><\/div>\t\t<\/div>\r\n\t\t\t<\/article>\r\n<\/div>\t<div class=\"w-grid-preloader\">\r\n\t\t<div class=\"g-preloader type_custom\">\r\n\t\t\t<div><img loading=\"lazy\" decoding=\"async\" width=\"128\" height=\"128\" src=\"https:\/\/galenattachments.com\/wp-content\/uploads\/2020\/05\/logo1.png\" class=\"g-placeholder\" alt=\"Galen Group Logo Attachments\" \/><\/div>\r\n\t\t<\/div>\r\n\t<\/div>\r\n\t\t<div class=\"w-grid-json hidden\" onclick='return {&quot;action&quot;:&quot;us_ajax_grid&quot;,&quot;infinite_scroll&quot;:0,&quot;max_num_pages&quot;:2,&quot;pagination&quot;:&quot;none&quot;,&quot;template_vars&quot;:{&quot;columns&quot;:&quot;3&quot;,&quot;exclude_items&quot;:&quot;none&quot;,&quot;img_size&quot;:&quot;default&quot;,&quot;ignore_items_size&quot;:0,&quot;items_layout&quot;:&quot;gallery_default&quot;,&quot;items_offset&quot;:&quot;1&quot;,&quot;load_animation&quot;:&quot;none&quot;,&quot;overriding_link&quot;:&quot;{\\&quot;url\\&quot;:\\&quot;\\&quot;}&quot;,&quot;post_id&quot;:0,&quot;query_args&quot;:{&quot;post_type&quot;:[&quot;attachment&quot;],&quot;post__in&quot;:[&quot;4719&quot;,&quot;4717&quot;,&quot;4716&quot;,&quot;4714&quot;,&quot;8198&quot;,&quot;14811&quot;,&quot;14809&quot;,&quot;14812&quot;,&quot;15479&quot;,&quot;15480&quot;,&quot;15481&quot;,&quot;15484&quot;,&quot;15485&quot;,&quot;15486&quot;],&quot;post_status&quot;:&quot;inherit&quot;,&quot;post_mime_type&quot;:&quot;image&quot;,&quot;posts_per_page&quot;:&quot;10&quot;},&quot;orderby_query_args&quot;:{&quot;orderby&quot;:{&quot;date&quot;:&quot;DESC&quot;}},&quot;type&quot;:&quot;grid&quot;,&quot;us_grid_post_type&quot;:&quot;attachment&quot;,&quot;us_grid_ajax_index&quot;:1,&quot;us_grid_filter_query_string&quot;:null,&quot;us_grid_index&quot;:1,&quot;page_args&quot;:[]}}'><\/div>\r\n\t<\/div><div class=\"wpb_text_column us_custom_422733bf has_text_color\"><div class=\"wpb_wrapper\"><div class=\"single-meta col span12\">\n<div class=\"etiketler span9 col\">Tags :<i class=\"fa fa-hashtag\"><\/i>\u00a0 \u00a0<a style=\"color: white;\" href=\"https:\/\/galenattachments.com\/pamter\/\" rel=\"tag\">Pamter Attachments<\/a><i class=\"fa fa-hashtag\"><\/i><a style=\"color: white;\" href=\"https:\/\/galenattachments.com\/marble-block-damper\/\" rel=\"tag\">Snow Plough<\/a><i class=\"fa fa-hashtag\"><\/i>\u00a0<a style=\"color: white;\" href=\"https:\/\/galenattachments.com\/marble-demolition-boom\/\" rel=\"tag\">Marble Demolition Boom<\/a><i class=\"fa fa-hashtag\"><\/i>\u00a0<a style=\"color: white;\" href=\"https:\/\/galenattachments.com\/marble-attachment\/\" rel=\"tag\">Snow Plough<\/a><i class=\"fa fa-hashtag\"><\/i> <a style=\"color: white;\" href=\"https:\/\/galenattachments.com\/ripper\/\" rel=\"tag\">Snow Plough<\/a><i class=\"fa fa-hashtag\"><\/i>\u00a0<a style=\"color: white;\" href=\"https:\/\/galenattachments.com\/marble-fork\/\" rel=\"tag\">marble-fork<\/a><i class=\"fa fa-hashtag\"><\/i>\u00a0<a style=\"color: white;\" href=\"https:\/\/galenattachments.com\/demolitionattachments\/\" rel=\"tag\">demolition attachments<\/a><i class=\"fa fa-hashtag\"><\/i>\u00a0<a style=\"color: white;\" href=\"http:\/\/www.screenbucket.net\/\" rel=\"tag noopener\" target=\"_blank\">construction machinery attachments<\/a><i class=\"fa fa-hashtag\"><\/i>\u00a0<a style=\"color: white;\" href=\"https:\/\/galenattachments.com\/handling-and-compact-attachments\/\" rel=\"tag\">Handling and Compact attachments<\/a><i class=\"fa fa-hashtag\"><\/i>\u00a0<a style=\"color: white;\" href=\"https:\/\/galenattachments.com\/railway-attachments\/\" rel=\"tag\">railway attachments<\/a><i class=\"fa fa-hashtag\"><\/i>\u00a0<a style=\"color: white;\" href=\"https:\/\/galenattachments.com\/marble-attachments\/\" rel=\"tag\">marble attachments<\/a><i class=\"fa fa-hashtag\"><\/i>\u00a0<a style=\"color: white;\" href=\"https:\/\/galenattachments.com\/snow-removal-attachments\/\" rel=\"tag\">snow removal attachments<\/a><i class=\"fa fa-hashtag\"><\/i>\u00a0<a style=\"color: white;\" href=\"https:\/\/galenattachments.com\/recycling-attachment\/\" rel=\"tag\">recycling attachment<\/a><i class=\"fa fa-hashtag\"><\/i>\u00a0<a style=\"color: white;\" href=\"https:\/\/galenattachments.com\/recyling\/\" rel=\"tag\">recyling buckets<\/a><i class=\"fa fa-hashtag\"><\/i>\u00a0<a style=\"color: white;\" href=\"https:\/\/galenattachments.com\/loaders\/\" rel=\"tag\">loaders buckets<\/a><i class=\"fa fa-hashtag\"><\/i>\u00a0<a style=\"color: white;\" href=\"https:\/\/galenattachments.com\/buckets\/\" rel=\"tag\">buckets<\/a><i class=\"fa fa-hashtag\"><\/i>\u00a0<a style=\"color: white;\" href=\"https:\/\/galenattachments.com\/mini-excavator\/\" rel=\"tag\">Snow Plough<\/a><i class=\"fa fa-hashtag\"><\/i>\u00a0<a style=\"color: white;\" href=\"https:\/\/galenattachments.com\/borm-arm\/\" rel=\"tag\">Snow Plough<\/a><i class=\"fa fa-hashtag\"><\/i>\u00a0<a style=\"color: white;\" href=\"https:\/\/galenattachments.com\/dredging-boom-arm\/\" rel=\"tag\">Dredging Borm-Arm<\/a><i class=\"fa fa-hashtag\"><\/i>\u00a0<a style=\"color: white;\" href=\"https:\/\/galenattachments.com\/excavators\/\" rel=\"tag\">Snow Plough<\/a><i class=\"fa fa-hashtag\"><\/i>\u00a0<a style=\"color: white;\" href=\"https:\/\/galenattachments.com\/attachments\/\" rel=\"tag\">attachments<\/a><\/div>\n<div class=\"sosyal_buton span3 col right last\" style=\"text-align: right;\"><\/div>\n<\/div>\n<\/div><\/div><\/div><\/div><\/div><\/div><\/div><\/section><section class=\"l-section wpb_row height_medium\"><div class=\"l-section-h i-cf\"><div class=\"g-cols vc_row via_flex valign_top type_default stacking_default\"><div class=\"vc_col-sm-3 wpb_column vc_column_container\"><div class=\"vc_column-inner us_custom_7145ee37 us_animate_this\"><div class=\"wpb_wrapper\"><div class=\"w-ibanner us_custom_c605a9d5 has_text_color animation_phorcys ratio_3x2 easing_ease\"><a href=\"https:\/\/galenattachments.com\/salt-spreader\/\" aria-label=\"Salt Spreader\"><\/a><div class=\"w-ibanner-h\"><div class=\"w-ibanner-image\" style=\"background-image: url(https:\/\/galenattachments.com\/wp-content\/uploads\/2020\/05\/tuzSer.jpg)\"><\/div><div class=\"w-ibanner-content\"><div class=\"w-ibanner-content-h\"><h3 class=\"w-ibanner-title\">Salt Spreader<\/h3><div class=\"w-ibanner-desc\"><p>Snow Attachments<\/p>\n<\/div><\/div><\/div><\/div><\/div><\/div><\/div><\/div><div class=\"vc_col-sm-3 wpb_column vc_column_container\"><div class=\"vc_column-inner us_custom_7145ee37 us_animate_this\"><div class=\"wpb_wrapper\"><div class=\"w-ibanner us_custom_ad48e82b has_text_color animation_phorcys ratio_3x2 easing_ease\"><a href=\"https:\/\/galenattachments.com\/snow-rotator-attachment\/\" aria-label=\"Snow Rotator Attachments\"><\/a><div class=\"w-ibanner-h\"><div class=\"w-ibanner-image\" style=\"background-image: url(https:\/\/galenattachments.com\/wp-content\/uploads\/2020\/07\/snow-rotator.jpg)\"><\/div><div class=\"w-ibanner-content\"><div class=\"w-ibanner-content-h\"><h3 class=\"w-ibanner-title\">Snow Rotator Attachments<\/h3><div class=\"w-ibanner-desc\"><p>Snow Attachments<\/p>\n<\/div><\/div><\/div><\/div><\/div><\/div><\/div><\/div><\/div><\/div><\/section>\n","protected":false},"excerpt":{"rendered":"Snow Removal Equipment","protected":false},"author":1,"featured_media":8127,"parent":0,"menu_order":0,"comment_status":"closed","ping_status":"closed","template":"","meta":{"footnotes":""},"class_list":["post-7684","page","type-page","status-publish","has-post-thumbnail","hentry"],"amp_enabled":true,"_links":{"self":[{"href":"https:\/\/galenattachments.com\/ru\/wp-json\/wp\/v2\/pages\/7684","targetHints":{"allow":["GET"]}}],"collection":[{"href":"https:\/\/galenattachments.com\/ru\/wp-json\/wp\/v2\/pages"}],"about":[{"href":"https:\/\/galenattachments.com\/ru\/wp-json\/wp\/v2\/types\/page"}],"author":[{"embeddable":true,"href":"https:\/\/galenattachments.com\/ru\/wp-json\/wp\/v2\/users\/1"}],"replies":[{"embeddable":true,"href":"https:\/\/galenattachments.com\/ru\/wp-json\/wp\/v2\/comments?post=7684"}],"version-history":[{"count":9,"href":"https:\/\/galenattachments.com\/ru\/wp-json\/wp\/v2\/pages\/7684\/revisions"}],"predecessor-version":[{"id":15487,"href":"https:\/\/galenattachments.com\/ru\/wp-json\/wp\/v2\/pages\/7684\/revisions\/15487"}],"wp:featuredmedia":[{"embeddable":true,"href":"https:\/\/galenattachments.com\/ru\/wp-json\/wp\/v2\/media\/8127"}],"wp:attachment":[{"href":"https:\/\/galenattachments.com\/ru\/wp-json\/wp\/v2\/media?parent=7684"}],"curies":[{"name":"wp","href":"https:\/\/api.w.org\/{rel}","templated":true}]}}